{"id":2015,"date":"2025-03-30T21:22:19","date_gmt":"2025-03-30T21:22:19","guid":{"rendered":"https:\/\/test.nowglobal.co\/?page_id=2015"},"modified":"2025-03-30T21:28:42","modified_gmt":"2025-03-30T21:28:42","slug":"terms-of-service","status":"publish","type":"page","link":"https:\/\/nowinternational.com.tr\/tr\/terms-of-service\/","title":{"rendered":"Hizmet \u015eartlar\u0131"},"content":{"rendered":"<div data-elementor-type=\"wp-page\" data-elementor-id=\"2015\" class=\"elementor elementor-2015\" data-elementor-post-type=\"page\">\n\t\t\t\t<div class=\"elementor-element elementor-element-b3c117f e-flex e-con-boxed e-con e-parent\" data-id=\"b3c117f\" data-element_type=\"container\" data-e-type=\"container\" data-settings=\"{&quot;background_background&quot;:&quot;classic&quot;}\">\n\t\t\t\t\t<div class=\"e-con-inner\">\n\t\t\t\t<div class=\"elementor-element elementor-element-ed2ed66 elementor-widget elementor-widget-heading\" data-id=\"ed2ed66\" data-element_type=\"widget\" data-e-type=\"widget\" data-widget_type=\"heading.default\">\n\t\t\t\t<div class=\"elementor-widget-container\">\n\t\t\t\t\t<h2 class=\"elementor-heading-title elementor-size-default\">Hizmet \u015eartlar\u0131<\/h2>\t\t\t\t<\/div>\n\t\t\t\t<\/div>\n\t\t\t\t\t<\/div>\n\t\t\t\t<\/div>\n\t\t<div class=\"elementor-element elementor-element-9ed2517 e-flex e-con-boxed e-con e-parent\" data-id=\"9ed2517\" data-element_type=\"container\" data-e-type=\"container\">\n\t\t\t\t\t<div class=\"e-con-inner\">\n\t\t\t\t<div class=\"elementor-element elementor-element-45c71e1 elementor-widget elementor-widget-spacer\" data-id=\"45c71e1\" data-element_type=\"widget\" data-e-type=\"widget\" data-widget_type=\"spacer.default\">\n\t\t\t\t<div class=\"elementor-widget-container\">\n\t\t\t\t\t\t\t<div class=\"elementor-spacer\">\n\t\t\t<div class=\"elementor-spacer-inner\"><\/div>\n\t\t<\/div>\n\t\t\t\t\t\t<\/div>\n\t\t\t\t<\/div>\n\t\t\t\t<div class=\"elementor-element elementor-element-2e18f47 elementor-widget elementor-widget-text-editor\" data-id=\"2e18f47\" data-element_type=\"widget\" data-e-type=\"widget\" data-widget_type=\"text-editor.default\">\n\t\t\t\t<div class=\"elementor-widget-container\">\n\t\t\t\t\t\t\t\t\t<p data-pm-slice=\"1 1 []\"><strong>Hizmet \u015eartlar\u0131<\/strong><\/p><p class=\"translation-block\"><strong>1. Giri\u015f<\/strong> <strong>Now<\/strong>'a (\"\u015eirket\", \"biz\", \"bizim\", \"bize\") ho\u015f geldiniz. Bu Hizmet \u015eartlar\u0131, web sitemizi ve hizmetlerimizi kullan\u0131m\u0131n\u0131z\u0131 d\u00fczenler. Web sitemize eri\u015ferek veya web sitemizi kullanarak, bu \u015fartlara ba\u011fl\u0131 kalmay\u0131 kabul edersiniz.<\/p><p class=\"translation-block\"><strong>2. Web Sitesinin Kullan\u0131m\u0131<\/strong> Hizmetlerimizi kullanmak i\u00e7in en az 18 ya\u015f\u0131nda olman\u0131z gerekir. Web sitemizi kullanarak, ba\u011flay\u0131c\u0131 bir anla\u015fmaya girme konusunda yasal olarak yeterli oldu\u011funuzu beyan edersiniz.<\/p><p class=\"translation-block\"><strong>3. Bilgilendirici \u0130\u00e7erik ve T\u0131bbi Tavsiye Yok<\/strong> \u00dcr\u00fcn a\u00e7\u0131klamalar\u0131, blog yaz\u0131lar\u0131 ve referanslar dahil ancak bunlarla s\u0131n\u0131rl\u0131 olmamak \u00fczere bu web sitesinde sa\u011flanan t\u00fcm i\u00e7erik kesinlikle bilgilendirme ama\u00e7l\u0131d\u0131r. <strong>\u00dcr\u00fcnlerimiz ila\u00e7 de\u011fildir ve profesyonel t\u0131bbi tavsiye, te\u015fhis veya tedavinin yerini almaz.<\/strong> Herhangi bir sa\u011fl\u0131k \u00fcr\u00fcn\u00fcn\u00fc kullanmadan \u00f6nce, \u00f6zellikle t\u0131bbi bir rahats\u0131zl\u0131\u011f\u0131n\u0131z varsa veya ila\u00e7 kullan\u0131yorsan\u0131z, her zaman bir sa\u011fl\u0131k uzman\u0131na dan\u0131\u015fmal\u0131s\u0131n\u0131z.<\/p><p class=\"translation-block\"><strong>4. \u00dcr\u00fcn Sat\u0131n Al\u0131mlar\u0131 ve Bulunabilirli\u011fi<\/strong> Herhangi bir \u00fcr\u00fcn\u00fcn sat\u0131\u015f\u0131n\u0131 kendi takdirimize g\u00f6re de\u011fi\u015ftirme, durdurma veya s\u0131n\u0131rlama hakk\u0131n\u0131 sakl\u0131 tutuyoruz. Fiyatlar ve bulunabilirlik \u00f6nceden haber verilmeksizin de\u011fi\u015ftirilebilir.<\/p><p class=\"translation-block\"><strong>5. Kullan\u0131c\u0131 Davran\u0131\u015f\u0131<\/strong> Web sitemizi yaln\u0131zca yasal ama\u00e7lar i\u00e7in kullanmay\u0131 ve \u015firketimize, hizmetlerimize veya di\u011fer kullan\u0131c\u0131lara zarar verebilecek herhangi bir faaliyette bulunmamay\u0131 kabul edersiniz.<\/p><p class=\"translation-block\"><strong>6. Fikri M\u00fclkiyet<\/strong> Bu web sitesindeki metin, grafik, logo ve g\u00f6rseller dahil t\u00fcm i\u00e7erik bizim veya lisans verenlerimizin m\u00fclkiyetindedir ve telif hakk\u0131 ve ticari marka yasalar\u0131yla korunmaktad\u0131r.<\/p><p class=\"translation-block\"><strong>7. Sorumlulu\u011fun S\u0131n\u0131rland\u0131r\u0131lmas\u0131<\/strong> Yasan\u0131n izin verdi\u011fi en geni\u015f \u00f6l\u00e7\u00fcde, web sitemizin veya \u00fcr\u00fcnlerimizin kullan\u0131m\u0131ndan kaynaklanan do\u011frudan, dolayl\u0131, tesad\u00fcfi veya sonu\u00e7sal zararlardan sorumlu de\u011filiz.<\/p><p class=\"translation-block\"><strong>8. Harici Ba\u011flant\u0131lar<\/strong> Web sitemiz \u00fc\u00e7\u00fcnc\u00fc taraf web sitelerine ba\u011flant\u0131lar i\u00e7erebilir. Bu harici sitelerin hi\u00e7bir i\u00e7eri\u011fini, gizlilik politikas\u0131n\u0131 veya uygulamas\u0131n\u0131 onaylam\u0131yoruz veya bunlarla ilgili sorumluluk kabul etmiyoruz.<\/p><p class=\"translation-block\"><strong>9. \u015eartlarda De\u011fi\u015fiklikler<\/strong> Bu Hizmet \u015eartlar\u0131n\u0131 herhangi bir zamanda g\u00fcncelleme hakk\u0131n\u0131 sakl\u0131 tutuyoruz. De\u011fi\u015fikliklerden sonra web sitemizi kullanmaya devam etmek, revize edilmi\u015f \u015fartlar\u0131n kabul edildi\u011fi anlam\u0131na gelir.<\/p><p class=\"translation-block\"><strong>10. \u0130leti\u015fim Bilgileri<\/strong> Bu Hizmet \u015eartlar\u0131 hakk\u0131nda herhangi bir sorunuz varsa l\u00fctfen iletisim@nowintr.com adresinden bizimle ileti\u015fime ge\u00e7in.<\/p>\t\t\t\t\t\t\t\t<\/div>\n\t\t\t\t<\/div>\n\t\t\t\t<div class=\"elementor-element elementor-element-e37e490 elementor-widget elementor-widget-spacer\" data-id=\"e37e490\" data-element_type=\"widget\" data-e-type=\"widget\" data-widget_type=\"spacer.default\">\n\t\t\t\t<div class=\"elementor-widget-container\">\n\t\t\t\t\t\t\t<div class=\"elementor-spacer\">\n\t\t\t<div class=\"elementor-spacer-inner\"><\/div>\n\t\t<\/div>\n\t\t\t\t\t\t<\/div>\n\t\t\t\t<\/div>\n\t\t\t\t\t<\/div>\n\t\t\t\t<\/div>\n\t\t\t\t<\/div>","protected":false},"excerpt":{"rendered":"<p>TERMS OF SERVICE 1. Introduction Welcome to Now (\u201cCompany\u201d, \u201cwe\u201d, \u201cour\u201d, \u201cus\u201d). These Terms of Service govern your use of our website and services. By accessing or using our website, you agree to be bound by these terms. 2. Use of Website You must be at least 18 years old to use our services. By&#8230;<\/p>","protected":false},"author":1,"featured_media":0,"parent":0,"menu_order":0,"comment_status":"closed","ping_status":"closed","template":"","meta":{"_acf_changed":false,"_kad_post_transparent":"","_kad_post_title":"hide","_kad_post_layout":"fullwidth","_kad_post_sidebar_id":"","_kad_post_content_style":"unboxed","_kad_post_vertical_padding":"hide","_kad_post_feature":"hide","_kad_post_feature_position":"","_kad_post_header":false,"_kad_post_footer":false,"_kad_post_classname":"","_cloudinary_featured_overwrite":false,"footnotes":""},"class_list":["post-2015","page","type-page","status-publish","hentry"],"acf":[],"_links":{"self":[{"href":"https:\/\/nowinternational.com.tr\/tr\/wp-json\/wp\/v2\/pages\/2015","targetHints":{"allow":["GET"]}}],"collection":[{"href":"https:\/\/nowinternational.com.tr\/tr\/wp-json\/wp\/v2\/pages"}],"about":[{"href":"https:\/\/nowinternational.com.tr\/tr\/wp-json\/wp\/v2\/types\/page"}],"author":[{"embeddable":true,"href":"https:\/\/nowinternational.com.tr\/tr\/wp-json\/wp\/v2\/users\/1"}],"replies":[{"embeddable":true,"href":"https:\/\/nowinternational.com.tr\/tr\/wp-json\/wp\/v2\/comments?post=2015"}],"version-history":[{"count":0,"href":"https:\/\/nowinternational.com.tr\/tr\/wp-json\/wp\/v2\/pages\/2015\/revisions"}],"wp:attachment":[{"href":"https:\/\/nowinternational.com.tr\/tr\/wp-json\/wp\/v2\/media?parent=2015"}],"curies":[{"name":"wp","href":"https:\/\/api.w.org\/{rel}","templated":true}]}}