{"id":22,"date":"2025-03-16T12:32:10","date_gmt":"2025-03-16T12:32:10","guid":{"rendered":"http:\/\/localhost\/nowinter\/?page_id=22"},"modified":"2025-04-09T11:27:34","modified_gmt":"2025-04-09T11:27:34","slug":"business-opportunity","status":"publish","type":"page","link":"https:\/\/nowinternational.com.tr\/tr\/business-opportunity\/","title":{"rendered":"\u0130\u015f F\u0131rsat\u0131"},"content":{"rendered":"<div data-elementor-type=\"wp-page\" data-elementor-id=\"22\" class=\"elementor elementor-22\" data-elementor-post-type=\"page\">\n\t\t\t\t<div class=\"elementor-element elementor-element-11a7077 e-flex e-con-boxed e-con e-parent\" data-id=\"11a7077\" data-element_type=\"container\" data-e-type=\"container\" data-settings=\"{&quot;background_background&quot;:&quot;classic&quot;}\">\n\t\t\t\t\t<div class=\"e-con-inner\">\n\t\t\t\t<div class=\"elementor-element elementor-element-9aff9ee elementor-widget elementor-widget-heading\" data-id=\"9aff9ee\" data-element_type=\"widget\" data-e-type=\"widget\" data-widget_type=\"heading.default\">\n\t\t\t\t<div class=\"elementor-widget-container\">\n\t\t\t\t\t<h2 class=\"elementor-heading-title elementor-size-default\">Patron Sizsiniz!<\/h2>\t\t\t\t<\/div>\n\t\t\t\t<\/div>\n\t\t\t\t<div class=\"elementor-element elementor-element-c7ade55 elementor-widget elementor-widget-heading\" data-id=\"c7ade55\" data-element_type=\"widget\" data-e-type=\"widget\" data-widget_type=\"heading.default\">\n\t\t\t\t<div class=\"elementor-widget-container\">\n\t\t\t\t\t<h2 class=\"elementor-heading-title elementor-size-default\">Kendi kurallar\u0131nla \u00e7al\u0131\u015f, hayat\u0131n\u0131 d\u00f6n\u00fc\u015ft\u00fcr ve kazanc\u0131n\u0131 \u00f6zg\u00fcrce b\u00fcy\u00fct!<\/h2>\t\t\t\t<\/div>\n\t\t\t\t<\/div>\n\t\t\t\t\t<\/div>\n\t\t\t\t<\/div>\n\t\t<div class=\"elementor-element elementor-element-cfad0fe e-flex e-con-boxed e-con e-parent\" data-id=\"cfad0fe\" data-element_type=\"container\" data-e-type=\"container\" data-settings=\"{&quot;background_background&quot;:&quot;classic&quot;}\">\n\t\t\t\t\t<div class=\"e-con-inner\">\n\t\t<div class=\"elementor-element elementor-element-5b026b5 e-con-full e-flex e-con e-child\" data-id=\"5b026b5\" data-element_type=\"container\" data-e-type=\"container\">\n\t\t\t\t<div class=\"elementor-element elementor-element-bd8afc5 elementor-widget elementor-widget-heading\" data-id=\"bd8afc5\" data-element_type=\"widget\" data-e-type=\"widget\" data-widget_type=\"heading.default\">\n\t\t\t\t<div class=\"elementor-widget-container\">\n\t\t\t\t\t<h2 class=\"elementor-heading-title elementor-size-default\">Neden Now?<\/h2>\t\t\t\t<\/div>\n\t\t\t\t<\/div>\n\t\t\t\t<div class=\"elementor-element elementor-element-15811fe elementor-widget__width-initial elementor-widget elementor-widget-text-editor\" data-id=\"15811fe\" data-element_type=\"widget\" data-e-type=\"widget\" data-widget_type=\"text-editor.default\">\n\t\t\t\t<div class=\"elementor-widget-container\">\n\t\t\t\t\t\t\t\t\t<p>Now International, kan\u0131tlanm\u0131\u015f i\u015f modelini yenilik\u00e7i sa\u011fl\u0131k \u00fcr\u00fcnleriyle birle\u015ftirerek ba\u015far\u0131ya ula\u015fman\u0131z i\u00e7in gereken her \u015feyi sunar.<\/p>\t\t\t\t\t\t\t\t<\/div>\n\t\t\t\t<\/div>\n\t\t<div class=\"elementor-element elementor-element-816ad05 e-con-full e-flex e-con e-child\" data-id=\"816ad05\" data-element_type=\"container\" data-e-type=\"container\">\n\t\t<div class=\"elementor-element elementor-element-78713bd e-con-full e-flex e-con e-child\" data-id=\"78713bd\" data-element_type=\"container\" data-e-type=\"container\">\n\t\t\t\t<div class=\"elementor-element elementor-element-23b86fb elementor-widget elementor-widget-text-editor\" data-id=\"23b86fb\" data-element_type=\"widget\" data-e-type=\"widget\" data-widget_type=\"text-editor.default\">\n\t\t\t\t<div class=\"elementor-widget-container\">\n\t\t\t\t\t\t\t\t\t<p>01\u2502Zaman Kontrol\u00fc<\/p>\t\t\t\t\t\t\t\t<\/div>\n\t\t\t\t<\/div>\n\t\t\t\t<div class=\"elementor-element elementor-element-2e0a12e elementor-widget__width-initial elementor-widget elementor-widget-text-editor\" data-id=\"2e0a12e\" data-element_type=\"widget\" data-e-type=\"widget\" data-widget_type=\"text-editor.default\">\n\t\t\t\t<div class=\"elementor-widget-container\">\n\t\t\t\t\t\t\t\t\t<p>Zaman\u0131n\u0131z\u0131 siz kontrol edin. \u0130stedi\u011finiz yerden, kendi \u015fartlar\u0131n\u0131za g\u00f6re \u00e7al\u0131\u015f\u0131n.<\/p>\t\t\t\t\t\t\t\t<\/div>\n\t\t\t\t<\/div>\n\t\t\t\t<\/div>\n\t\t<div class=\"elementor-element elementor-element-8999090 e-con-full e-flex e-con e-child\" data-id=\"8999090\" data-element_type=\"container\" data-e-type=\"container\">\n\t\t\t\t<div class=\"elementor-element elementor-element-d1d5510 elementor-widget elementor-widget-text-editor\" data-id=\"d1d5510\" data-element_type=\"widget\" data-e-type=\"widget\" data-widget_type=\"text-editor.default\">\n\t\t\t\t<div class=\"elementor-widget-container\">\n\t\t\t\t\t\t\t\t\t<p>02\u2502\u00c7abaya Dayal\u0131<\/p>\t\t\t\t\t\t\t\t<\/div>\n\t\t\t\t<\/div>\n\t\t\t\t<div class=\"elementor-element elementor-element-fcfc9d6 elementor-widget__width-initial elementor-widget elementor-widget-text-editor\" data-id=\"fcfc9d6\" data-element_type=\"widget\" data-e-type=\"widget\" data-widget_type=\"text-editor.default\">\n\t\t\t\t<div class=\"elementor-widget-container\">\n\t\t\t\t\t\t\t\t\t<p>\u00c7aban\u0131za g\u00f6re kazan\u0131rs\u0131n\u0131z. S\u0131n\u0131r yok, maa\u015f tavan\u0131 yok.<\/p>\t\t\t\t\t\t\t\t<\/div>\n\t\t\t\t<\/div>\n\t\t\t\t<\/div>\n\t\t\t\t<\/div>\n\t\t<div class=\"elementor-element elementor-element-aa65f12 e-con-full e-flex e-con e-child\" data-id=\"aa65f12\" data-element_type=\"container\" data-e-type=\"container\">\n\t\t<div class=\"elementor-element elementor-element-a61673e e-con-full e-flex e-con e-child\" data-id=\"a61673e\" data-element_type=\"container\" data-e-type=\"container\">\n\t\t\t\t<div class=\"elementor-element elementor-element-d58689b elementor-widget elementor-widget-text-editor\" data-id=\"d58689b\" data-element_type=\"widget\" data-e-type=\"widget\" data-widget_type=\"text-editor.default\">\n\t\t\t\t<div class=\"elementor-widget-container\">\n\t\t\t\t\t\t\t\t\t<p>03\u2502Ba\u015fkalar\u0131na Yard\u0131m<\/p>\t\t\t\t\t\t\t\t<\/div>\n\t\t\t\t<\/div>\n\t\t\t\t<div class=\"elementor-element elementor-element-10ec00c elementor-widget__width-initial elementor-widget elementor-widget-text-editor\" data-id=\"10ec00c\" data-element_type=\"widget\" data-e-type=\"widget\" data-widget_type=\"text-editor.default\">\n\t\t\t\t<div class=\"elementor-widget-container\">\n\t\t\t\t\t\t\t\t\t<p><span class=\"elementor-icon-list-text\">Ba\u015fkalar\u0131na yard\u0131m edin. Gelirinizi art\u0131r\u0131rken sa\u011fl\u0131kl\u0131 ya\u015fam\u0131 te\u015fvik edin.<\/span><\/p>\t\t\t\t\t\t\t\t<\/div>\n\t\t\t\t<\/div>\n\t\t\t\t<\/div>\n\t\t<div class=\"elementor-element elementor-element-a554d4c e-con-full e-flex e-con e-child\" data-id=\"a554d4c\" data-element_type=\"container\" data-e-type=\"container\">\n\t\t\t\t<div class=\"elementor-element elementor-element-c41454e elementor-widget elementor-widget-text-editor\" data-id=\"c41454e\" data-element_type=\"widget\" data-e-type=\"widget\" data-widget_type=\"text-editor.default\">\n\t\t\t\t<div class=\"elementor-widget-container\">\n\t\t\t\t\t\t\t\t\t<p>04\u2502Tam Destek<\/p>\t\t\t\t\t\t\t\t<\/div>\n\t\t\t\t<\/div>\n\t\t\t\t<div class=\"elementor-element elementor-element-b32e33a elementor-widget__width-initial elementor-widget elementor-widget-text-editor\" data-id=\"b32e33a\" data-element_type=\"widget\" data-e-type=\"widget\" data-widget_type=\"text-editor.default\">\n\t\t\t\t<div class=\"elementor-widget-container\">\n\t\t\t\t\t\t\t\t\t<p>E\u011fitim, mentorluk ve ba\u015far\u0131 i\u00e7in gerekli ara\u00e7lar konusunda tam destek al\u0131rs\u0131n\u0131z.<\/p>\t\t\t\t\t\t\t\t<\/div>\n\t\t\t\t<\/div>\n\t\t\t\t<\/div>\n\t\t\t\t<\/div>\n\t\t\t\t<\/div>\n\t\t<div class=\"elementor-element elementor-element-795a7e1 e-con-full e-flex e-con e-child\" data-id=\"795a7e1\" data-element_type=\"container\" data-e-type=\"container\" data-settings=\"{&quot;background_background&quot;:&quot;classic&quot;}\">\n\t\t\t\t<div class=\"elementor-element elementor-element-1067e1b elementor-widget elementor-widget-spacer\" data-id=\"1067e1b\" data-element_type=\"widget\" data-e-type=\"widget\" data-widget_type=\"spacer.default\">\n\t\t\t\t<div class=\"elementor-widget-container\">\n\t\t\t\t\t\t\t<div class=\"elementor-spacer\">\n\t\t\t<div class=\"elementor-spacer-inner\"><\/div>\n\t\t<\/div>\n\t\t\t\t\t\t<\/div>\n\t\t\t\t<\/div>\n\t\t\t\t<\/div>\n\t\t\t\t\t<\/div>\n\t\t\t\t<\/div>\n\t\t<div class=\"elementor-element elementor-element-d205b27 e-flex e-con-boxed e-con e-parent\" data-id=\"d205b27\" data-element_type=\"container\" data-e-type=\"container\" data-settings=\"{&quot;background_background&quot;:&quot;classic&quot;}\">\n\t\t\t\t\t<div class=\"e-con-inner\">\n\t\t<div class=\"elementor-element elementor-element-48dd805 e-con-full e-flex e-con e-child\" data-id=\"48dd805\" data-element_type=\"container\" data-e-type=\"container\" data-settings=\"{&quot;background_background&quot;:&quot;classic&quot;}\">\n\t\t\t\t<\/div>\n\t\t<div class=\"elementor-element elementor-element-9d20bc0 e-con-full e-flex e-con e-child\" data-id=\"9d20bc0\" data-element_type=\"container\" data-e-type=\"container\">\n\t\t\t\t<div class=\"elementor-element elementor-element-75dde97 elementor-widget elementor-widget-heading\" data-id=\"75dde97\" data-element_type=\"widget\" data-e-type=\"widget\" data-widget_type=\"heading.default\">\n\t\t\t\t<div class=\"elementor-widget-container\">\n\t\t\t\t\t<h2 class=\"elementor-heading-title elementor-size-default\">Gelece\u011finizi \u0130n\u015fa Edin <\/h2>\t\t\t\t<\/div>\n\t\t\t\t<\/div>\n\t\t\t\t<div class=\"elementor-element elementor-element-325a5d4 elementor-widget elementor-widget-text-editor\" data-id=\"325a5d4\" data-element_type=\"widget\" data-e-type=\"widget\" data-widget_type=\"text-editor.default\">\n\t\t\t\t<div class=\"elementor-widget-container\">\n\t\t\t\t\t\t\t\t\t<p>Now'da size sadece y\u00fcksek kaliteli wellness \u00fcr\u00fcnleri sunmuyoruz. Ayn\u0131 zamanda finansal gelece\u011finizin kontrol\u00fcn\u00fc elinize alma f\u0131rsat\u0131 veriyoruz. \u0130ster ek gelir, ister kariyer de\u011fi\u015fikli\u011fi, ister tam finansal \u00f6zg\u00fcrl\u00fck aray\u0131\u015f\u0131nda olun, do\u011frudan sat\u0131\u015f i\u015f modelimiz, kendi ko\u015fullar\u0131n\u0131zda ba\u015far\u0131l\u0131 olman\u0131z i\u00e7in tasarland\u0131.<\/p><p>D\u00fc\u015f\u00fck ba\u015flang\u0131\u00e7 maliyetleri, envanter riski olmadan ve kan\u0131tlanm\u0131\u015f bir sistemle, ba\u015fkalar\u0131n\u0131n daha sa\u011fl\u0131kl\u0131 ya\u015famlar s\u00fcrmesine yard\u0131mc\u0131 olurken kendi geli\u015fen i\u015finizi kurabilirsiniz.<\/p>\t\t\t\t\t\t\t\t<\/div>\n\t\t\t\t<\/div>\n\t\t\t\t<\/div>\n\t\t\t\t\t<\/div>\n\t\t\t\t<\/div>\n\t\t<div class=\"elementor-element elementor-element-e41aaa5 e-flex e-con-boxed e-con e-parent\" data-id=\"e41aaa5\" data-element_type=\"container\" data-e-type=\"container\" data-settings=\"{&quot;background_background&quot;:&quot;classic&quot;}\">\n\t\t\t\t\t<div class=\"e-con-inner\">\n\t\t\t\t<div class=\"elementor-element elementor-element-59e017f elementor-widget elementor-widget-heading\" data-id=\"59e017f\" data-element_type=\"widget\" data-e-type=\"widget\" data-widget_type=\"heading.default\">\n\t\t\t\t<div class=\"elementor-widget-container\">\n\t\t\t\t\t<h2 class=\"elementor-heading-title elementor-size-default\">Nas\u0131l \u00c7al\u0131\u015f\u0131r?<\/h2>\t\t\t\t<\/div>\n\t\t\t\t<\/div>\n\t\t<div class=\"elementor-element elementor-element-8940408 e-con-full e-flex e-con e-child\" data-id=\"8940408\" data-element_type=\"container\" data-e-type=\"container\">\n\t\t\t\t<div class=\"elementor-element elementor-element-b7fa8ef elementor-widget elementor-widget-image-box\" data-id=\"b7fa8ef\" data-element_type=\"widget\" data-e-type=\"widget\" data-widget_type=\"image-box.default\">\n\t\t\t\t<div class=\"elementor-widget-container\">\n\t\t\t\t\t<div class=\"elementor-image-box-wrapper\"><div class=\"elementor-image-box-content\"><h3 class=\"elementor-image-box-title\">Kat\u0131l<\/h3><p class=\"elementor-image-box-description\">Ba\u011f\u0131ms\u0131z bir Now Partner'a kaydolun.<\/p><\/div><\/div>\t\t\t\t<\/div>\n\t\t\t\t<\/div>\n\t\t\t\t<div class=\"elementor-element elementor-element-0a7035d elementor-widget elementor-widget-image-box\" data-id=\"0a7035d\" data-element_type=\"widget\" data-e-type=\"widget\" data-widget_type=\"image-box.default\">\n\t\t\t\t<div class=\"elementor-widget-container\">\n\t\t\t\t\t<div class=\"elementor-image-box-wrapper\"><div class=\"elementor-image-box-content\"><h3 class=\"elementor-image-box-title\">Payla\u015f<\/h3><p class=\"elementor-image-box-description\">Kaliteli kozmetik ve sa\u011fl\u0131k \u00fcr\u00fcnlerini sat\u0131n al\u0131n ve \u00f6nerin.<\/p><\/div><\/div>\t\t\t\t<\/div>\n\t\t\t\t<\/div>\n\t\t\t\t<div class=\"elementor-element elementor-element-f801ffb elementor-widget elementor-widget-image-box\" data-id=\"f801ffb\" data-element_type=\"widget\" data-e-type=\"widget\" data-widget_type=\"image-box.default\">\n\t\t\t\t<div class=\"elementor-widget-container\">\n\t\t\t\t\t<div class=\"elementor-image-box-wrapper\"><div class=\"elementor-image-box-content\"><h3 class=\"elementor-image-box-title\">Kazan<\/h3><p class=\"elementor-image-box-description\">Her sat\u0131\u015fta komisyon + ekip bonuslar\u0131 kazan\u0131n.<\/p><\/div><\/div>\t\t\t\t<\/div>\n\t\t\t\t<\/div>\n\t\t\t\t<div class=\"elementor-element elementor-element-74f5a40 elementor-widget elementor-widget-image-box\" data-id=\"74f5a40\" data-element_type=\"widget\" data-e-type=\"widget\" data-widget_type=\"image-box.default\">\n\t\t\t\t<div class=\"elementor-widget-container\">\n\t\t\t\t\t<div class=\"elementor-image-box-wrapper\"><div class=\"elementor-image-box-content\"><h3 class=\"elementor-image-box-title\">B\u00fcy\u00fct<\/h3><p class=\"elementor-image-box-description\">Bir ekip kurun ve daha b\u00fcy\u00fck \u00f6d\u00fcllerin kilidini a\u00e7\u0131n.<\/p><\/div><\/div>\t\t\t\t<\/div>\n\t\t\t\t<\/div>\n\t\t\t\t<\/div>\n\t\t\t\t\t<\/div>\n\t\t\t\t<\/div>\n\t\t<div class=\"elementor-element elementor-element-e27ef21 e-flex e-con-boxed e-con e-parent\" data-id=\"e27ef21\" data-element_type=\"container\" data-e-type=\"container\" data-settings=\"{&quot;background_background&quot;:&quot;gradient&quot;}\">\n\t\t\t\t\t<div class=\"e-con-inner\">\n\t\t<div class=\"elementor-element elementor-element-c5f98b4 e-con-full e-flex e-con e-child\" data-id=\"c5f98b4\" data-element_type=\"container\" data-e-type=\"container\">\n\t\t\t\t<div class=\"elementor-element elementor-element-d6443be elementor-widget elementor-widget-heading\" data-id=\"d6443be\" data-element_type=\"widget\" data-e-type=\"widget\" data-widget_type=\"heading.default\">\n\t\t\t\t<div class=\"elementor-widget-container\">\n\t\t\t\t\t<h2 class=\"elementor-heading-title elementor-size-default\">Para Kazanman\u0131n Yollar\u0131<\/h2>\t\t\t\t<\/div>\n\t\t\t\t<\/div>\n\t\t\t\t<div class=\"elementor-element elementor-element-5d565a9 elementor-widget elementor-widget-heading\" data-id=\"5d565a9\" data-element_type=\"widget\" data-e-type=\"widget\" data-widget_type=\"heading.default\">\n\t\t\t\t<div class=\"elementor-widget-container\">\n\t\t\t\t\t<h2 class=\"elementor-heading-title elementor-size-default\">Birden Fazla Gelir Ak\u0131\u015f\u0131<\/h2>\t\t\t\t<\/div>\n\t\t\t\t<\/div>\n\t\t\t\t<div class=\"elementor-element elementor-element-76d5dc3 elementor-widget elementor-widget-text-editor\" data-id=\"76d5dc3\" data-element_type=\"widget\" data-e-type=\"widget\" data-widget_type=\"text-editor.default\">\n\t\t\t\t<div class=\"elementor-widget-container\">\n\t\t\t\t\t\t\t\t\t<p><strong>Perakende Kar\u0131<\/strong>. Satt\u0131\u011f\u0131n\u0131z her \u00fcr\u00fcnden komisyon kazan\u0131n.<br \/><strong>Tak\u0131m Komisyonlar\u0131<\/strong>. Bir a\u011f kurun ve ekibinizin ba\u015far\u0131s\u0131ndan kazan\u00e7 sa\u011flay\u0131n.<br \/><strong>Bonuslar ve \u00d6d\u00fcller<\/strong>. B\u00fcy\u00fcd\u00fck\u00e7e ek gelir ve \u00f6zel te\u015fviklerin kilidini a\u00e7\u0131n.<\/p>\t\t\t\t\t\t\t\t<\/div>\n\t\t\t\t<\/div>\n\t\t\t\t<div class=\"elementor-element elementor-element-b9b46bf elementor-widget elementor-widget-text-editor\" data-id=\"b9b46bf\" data-element_type=\"widget\" data-e-type=\"widget\" data-widget_type=\"text-editor.default\">\n\t\t\t\t<div class=\"elementor-widget-container\">\n\t\t\t\t\t\t\t\t\t<p>Now, kan\u0131tlanm\u0131\u015f i\u015f modelini yenilik\u00e7i sa\u011fl\u0131k \u00fcr\u00fcnleriyle birle\u015ftirerek ba\u015far\u0131ya ula\u015fman\u0131z i\u00e7in gereken her \u015feyi sunar.<\/p>\t\t\t\t\t\t\t\t<\/div>\n\t\t\t\t<\/div>\n\t\t\t\t<\/div>\n\t\t<div class=\"elementor-element elementor-element-1739cb6 e-con-full e-flex e-con e-child\" data-id=\"1739cb6\" data-element_type=\"container\" data-e-type=\"container\" data-settings=\"{&quot;background_background&quot;:&quot;classic&quot;}\">\n\t\t\t\t<\/div>\n\t\t\t\t\t<\/div>\n\t\t\t\t<\/div>\n\t\t<div class=\"elementor-element elementor-element-57a437d0 e-flex e-con-boxed e-con e-parent\" data-id=\"57a437d0\" data-element_type=\"container\" data-e-type=\"container\">\n\t\t\t\t\t<div class=\"e-con-inner\">\n\t\t<div class=\"elementor-element elementor-element-71c11ec0 e-con-full e-flex e-con e-child\" data-id=\"71c11ec0\" data-element_type=\"container\" data-e-type=\"container\">\n\t\t\t\t<div class=\"elementor-element elementor-element-145e99b3 ekit-equal-height-disable elementor-widget elementor-widget-elementskit-icon-box\" data-id=\"145e99b3\" data-element_type=\"widget\" data-e-type=\"widget\" data-widget_type=\"elementskit-icon-box.default\">\n\t\t\t\t<div class=\"elementor-widget-container\">\n\t\t\t\t\t<div class=\"ekit-wid-con\" >        <!-- link opening -->\n                <a href=\"#\" class=\"ekit_global_links\">\n                <!-- end link opening -->\n\n        <div class=\"elementskit-infobox text-center text- icon-top-align elementor-animation-\">\n                    <div class=\"elementskit-box-header elementor-animation-\">\n                <div class=\"elementskit-info-box-icon\">\n                    \n                <\/div>\n          <\/div>\n                        <div class=\"box-body\">\n                            <h3 class=\"elementskit-info-box-title\">\n                    E\u011fitim ve Destek                <\/h3>\n                        \t\t  \t<p>Giri\u015fimlerinizin b\u00fcy\u00fcme s\u00fcre\u00e7lerine, sekt\u00f6rel deneyimlerine ve geli\u015fimlerine katk\u0131 sa\u011flayacak geni\u015f ment\u00f6r a\u011f\u0131 deste\u011fi<\/p>\n                                <\/div>\n        \n        \n                <\/div>\n                <\/a>\n        <\/div>\t\t\t\t<\/div>\n\t\t\t\t<\/div>\n\t\t\t\t<div class=\"elementor-element elementor-element-71175afe ekit-equal-height-disable elementor-widget elementor-widget-elementskit-icon-box\" data-id=\"71175afe\" data-element_type=\"widget\" data-e-type=\"widget\" data-widget_type=\"elementskit-icon-box.default\">\n\t\t\t\t<div class=\"elementor-widget-container\">\n\t\t\t\t\t<div class=\"ekit-wid-con\" >        <!-- link opening -->\n                <a href=\"#\" class=\"ekit_global_links\">\n                <!-- end link opening -->\n\n        <div class=\"elementskit-infobox text-center text- icon-top-align elementor-animation-\">\n                    <div class=\"elementskit-box-header elementor-animation-\">\n                <div class=\"elementskit-info-box-icon\">\n                    \n                <\/div>\n          <\/div>\n                        <div class=\"box-body\">\n                            <h3 class=\"elementskit-info-box-title\">\n                    G\u00fc\u00e7l\u00fc Dijital Ara\u00e7lar                <\/h3>\n                        \t\t  \t<p>Sat\u0131\u015flar\u0131 ve kazan\u00e7lar\u0131 takip etmek i\u00e7in ki\u015fiselle\u015ftirilmi\u015f \u00e7evrimi\u00e7i g\u00f6sterge paneli.\nPazarlama materyalleri ve \u00e7evrimi\u00e7i sat\u0131\u015f stratejileri.\n\u0130\u015fletmenizi geni\u015fletmek i\u00e7in sosyal medya ve e-ticaret kaynaklar\u0131.<\/p>\n                                <\/div>\n        \n        \n                <\/div>\n                <\/a>\n        <\/div>\t\t\t\t<\/div>\n\t\t\t\t<\/div>\n\t\t\t\t<div class=\"elementor-element elementor-element-6d322f0d ekit-equal-height-disable elementor-widget elementor-widget-elementskit-icon-box\" data-id=\"6d322f0d\" data-element_type=\"widget\" data-e-type=\"widget\" data-widget_type=\"elementskit-icon-box.default\">\n\t\t\t\t<div class=\"elementor-widget-container\">\n\t\t\t\t\t<div class=\"ekit-wid-con\" >        <!-- link opening -->\n                <a href=\"#\" class=\"ekit_global_links\">\n                <!-- end link opening -->\n\n        <div class=\"elementskit-infobox text-center text- icon-top-align elementor-animation-\">\n                    <div class=\"elementskit-box-header elementor-animation-\">\n                <div class=\"elementskit-info-box-icon\">\n                    \n                <\/div>\n          <\/div>\n                        <div class=\"box-body\">\n                            <h3 class=\"elementskit-info-box-title\">\n                    Takdir &amp; \u00d6d\u00fcller                <\/h3>\n                        \t\t  \t<p>Performansa dayal\u0131 ikramiyeler ve te\u015fvikler.\n\u00d6zel liderlik etkinlikleri ve seyahat f\u0131rsatlar\u0131.\n\u015eirket \u00e7ap\u0131ndaki ba\u015far\u0131 kutlamalar\u0131nda tan\u0131nma.<\/p>\n                                <\/div>\n        \n        \n                <\/div>\n                <\/a>\n        <\/div>\t\t\t\t<\/div>\n\t\t\t\t<\/div>\n\t\t\t\t<\/div>\n\t\t\t\t\t<\/div>\n\t\t\t\t<\/div>\n\t\t<div class=\"elementor-element elementor-element-14fb922b e-flex e-con-boxed e-con e-parent\" data-id=\"14fb922b\" data-element_type=\"container\" data-e-type=\"container\" id=\"xs_cta_style_19\">\n\t\t\t\t\t<div class=\"e-con-inner\">\n\t\t<div class=\"elementor-element elementor-element-377b3e3a e-con-full e-flex e-con e-child\" data-id=\"377b3e3a\" data-element_type=\"container\" data-e-type=\"container\" data-settings=\"{&quot;background_background&quot;:&quot;classic&quot;}\">\n\t\t\t\t<div class=\"elementor-element elementor-element-58565c51 elementor-widget elementor-widget-elementskit-heading\" data-id=\"58565c51\" data-element_type=\"widget\" data-e-type=\"widget\" data-widget_type=\"elementskit-heading.default\">\n\t\t\t\t<div class=\"elementor-widget-container\">\n\t\t\t\t\t<div class=\"ekit-wid-con\" ><div class=\"ekit-heading elementskit-section-title-wraper center   ekit_heading_tablet-   ekit_heading_mobile-\"><h2 class=\"ekit-heading--title elementskit-section-title translation-block\">K\u00fcresel Bir Harekete Kat\u0131l\u0131n<\/h2>\t\t\t\t<div class='ekit-heading__description'>\n\t\t\t\t\t<p>Now'a kat\u0131larak yaln\u0131zca bir i\u015f kurmuyorsunuz; k\u00fcresel bir hareketin par\u00e7as\u0131 oluyorsunuz. Kan\u0131tlanm\u0131\u015f sistemimiz, kaliteli \u00fcr\u00fcnlerimiz ve g\u00fc\u00e7l\u00fc destek a\u011f\u0131m\u0131zla ba\u015far\u0131 elinizin alt\u0131nda.<\/p>\n\t\t\t\t<\/div>\n\t\t\t<\/div><\/div>\t\t\t\t<\/div>\n\t\t\t\t<\/div>\n\t\t\t\t<div class=\"elementor-element elementor-element-3ea80ebe elementor-align--mobilecenter elementor-align-center elementor-widget elementor-widget-elementskit-button\" data-id=\"3ea80ebe\" data-element_type=\"widget\" data-e-type=\"widget\" data-widget_type=\"elementskit-button.default\">\n\t\t\t\t<div class=\"elementor-widget-container\">\n\t\t\t\t\t<div class=\"ekit-wid-con\" >\t\t<div class=\"ekit-btn-wraper\">\n\t\t\t\t\t\t\t<a href=\"https:\/\/nowintr.com\/Account\/SponsorRegister\" class=\"elementskit-btn  whitespace--normal\" id=\"\">\n\t\t\t\t\tHemen Kat\u0131l\t\t\t\t<\/a>\n\t\t\t\t\t<\/div>\n        <\/div>\t\t\t\t<\/div>\n\t\t\t\t<\/div>\n\t\t\t\t<\/div>\n\t\t\t\t\t<\/div>\n\t\t\t\t<\/div>\n\t\t\t\t<\/div>","protected":false},"excerpt":{"rendered":"<p>Be Your Own Boss! Start a business that fits your lifestyle and unlocks unlimited income potential\u2014all while promoting health and wellness. Why Now? Now International\u00a0 combines a proven business model with innovative health products, giving you everything you need to succeed. 01\u2502Time Control You control your time. Work on your own terms, from anywhere. 02\u2502Effort&#8230;<\/p>","protected":false},"author":1,"featured_media":0,"parent":0,"menu_order":0,"comment_status":"closed","ping_status":"closed","template":"","meta":{"_acf_changed":false,"_kad_post_transparent":"","_kad_post_title":"hide","_kad_post_layout":"fullwidth","_kad_post_sidebar_id":"","_kad_post_content_style":"unboxed","_kad_post_vertical_padding":"hide","_kad_post_feature":"hide","_kad_post_feature_position":"","_kad_post_header":false,"_kad_post_footer":false,"_kad_post_classname":"","_cloudinary_featured_overwrite":false,"footnotes":""},"class_list":["post-22","page","type-page","status-publish","hentry"],"acf":[],"_links":{"self":[{"href":"https:\/\/nowinternational.com.tr\/tr\/wp-json\/wp\/v2\/pages\/22","targetHints":{"allow":["GET"]}}],"collection":[{"href":"https:\/\/nowinternational.com.tr\/tr\/wp-json\/wp\/v2\/pages"}],"about":[{"href":"https:\/\/nowinternational.com.tr\/tr\/wp-json\/wp\/v2\/types\/page"}],"author":[{"embeddable":true,"href":"https:\/\/nowinternational.com.tr\/tr\/wp-json\/wp\/v2\/users\/1"}],"replies":[{"embeddable":true,"href":"https:\/\/nowinternational.com.tr\/tr\/wp-json\/wp\/v2\/comments?post=22"}],"version-history":[{"count":6,"href":"https:\/\/nowinternational.com.tr\/tr\/wp-json\/wp\/v2\/pages\/22\/revisions"}],"predecessor-version":[{"id":2186,"href":"https:\/\/nowinternational.com.tr\/tr\/wp-json\/wp\/v2\/pages\/22\/revisions\/2186"}],"wp:attachment":[{"href":"https:\/\/nowinternational.com.tr\/tr\/wp-json\/wp\/v2\/media?parent=22"}],"curies":[{"name":"wp","href":"https:\/\/api.w.org\/{rel}","templated":true}]}}