{"id":28,"date":"2025-03-16T12:40:16","date_gmt":"2025-03-16T12:40:16","guid":{"rendered":"http:\/\/localhost\/nowinter\/?page_id=28"},"modified":"2025-04-09T11:16:58","modified_gmt":"2025-04-09T11:16:58","slug":"about","status":"publish","type":"page","link":"https:\/\/nowinternational.com.tr\/tr\/about\/","title":{"rendered":"Hakk\u0131m\u0131zda"},"content":{"rendered":"<div data-elementor-type=\"wp-page\" data-elementor-id=\"28\" class=\"elementor elementor-28\" data-elementor-post-type=\"page\">\n\t\t\t\t<div class=\"elementor-element elementor-element-6dadc73 e-flex e-con-boxed e-con e-parent\" data-id=\"6dadc73\" data-element_type=\"container\" data-e-type=\"container\" data-settings=\"{&quot;background_background&quot;:&quot;classic&quot;}\">\n\t\t\t\t\t<div class=\"e-con-inner\">\n\t\t<div class=\"elementor-element elementor-element-590ce6d e-con-full e-flex e-con e-child\" data-id=\"590ce6d\" data-element_type=\"container\" data-e-type=\"container\">\n\t\t<div class=\"elementor-element elementor-element-d2f28dc e-con-full e-flex elementor-invisible e-con e-child\" data-id=\"d2f28dc\" data-element_type=\"container\" data-e-type=\"container\" data-settings=\"{&quot;animation&quot;:&quot;fadeInUp&quot;}\">\n\t\t<div class=\"elementor-element elementor-element-d2e4450 e-con-full e-flex e-con e-child\" data-id=\"d2e4450\" data-element_type=\"container\" data-e-type=\"container\">\n\t\t\t\t<div class=\"elementor-element elementor-element-200c0d8 elementor-hidden-mobile elementor-widget-divider--view-line elementor-widget elementor-widget-divider\" data-id=\"200c0d8\" data-element_type=\"widget\" data-e-type=\"widget\" data-widget_type=\"divider.default\">\n\t\t\t\t<div class=\"elementor-widget-container\">\n\t\t\t\t\t\t\t<div class=\"elementor-divider\">\n\t\t\t<span class=\"elementor-divider-separator\">\n\t\t\t\t\t\t<\/span>\n\t\t<\/div>\n\t\t\t\t\t\t<\/div>\n\t\t\t\t<\/div>\n\t\t\t\t<\/div>\n\t\t\t\t<\/div>\n\t\t\t\t<div class=\"elementor-element elementor-element-da30d05 elementor-widget__width-initial elementor-invisible elementor-widget elementor-widget-heading\" data-id=\"da30d05\" data-element_type=\"widget\" data-e-type=\"widget\" data-settings=\"{&quot;_animation&quot;:&quot;fadeInRight&quot;}\" data-widget_type=\"heading.default\">\n\t\t\t\t<div class=\"elementor-widget-container\">\n\t\t\t\t\t<h2 class=\"elementor-heading-title elementor-size-default\">Finansal \u00d6zg\u00fcrl\u00fc\u011fe Yolculuk!<\/h2>\t\t\t\t<\/div>\n\t\t\t\t<\/div>\n\t\t\t\t<div class=\"elementor-element elementor-element-80c50d4 elementor-mobile-align-center elementor-widget elementor-widget-button\" data-id=\"80c50d4\" data-element_type=\"widget\" data-e-type=\"widget\" data-widget_type=\"button.default\">\n\t\t\t\t<div class=\"elementor-widget-container\">\n\t\t\t\t\t\t\t\t\t<div class=\"elementor-button-wrapper\">\n\t\t\t\t\t<a class=\"elementor-button elementor-button-link elementor-size-sm\" href=\"#more\">\n\t\t\t\t\t\t<span class=\"elementor-button-content-wrapper\">\n\t\t\t\t\t\t\t\t\t<span class=\"elementor-button-text\">Daha Fazla<\/span>\n\t\t\t\t\t<\/span>\n\t\t\t\t\t<\/a>\n\t\t\t\t<\/div>\n\t\t\t\t\t\t\t\t<\/div>\n\t\t\t\t<\/div>\n\t\t\t\t<\/div>\n\t\t<div class=\"elementor-element elementor-element-a6e7f3b e-con-full e-flex e-con e-child\" data-id=\"a6e7f3b\" data-element_type=\"container\" data-e-type=\"container\">\n\t\t\t\t<div class=\"elementor-element elementor-element-95b01d2 animated-slow elementor-widget elementor-widget-image\" data-id=\"95b01d2\" data-element_type=\"widget\" data-e-type=\"widget\" data-settings=\"{&quot;_animation&quot;:&quot;none&quot;}\" data-widget_type=\"image.default\">\n\t\t\t\t<div class=\"elementor-widget-container\">\n\t\t\t\t\t\t\t\t\t\t\t\t\t\t\t<img width=\"1280\" height=\"921\" data-public-id=\"now-international-3\/now-international-3.avif\" fetchpriority=\"high\" decoding=\"async\" src=\"https:\/\/res.cloudinary.com\/drzrkbegf\/images\/w_1280,h_921,c_scale\/f_auto,q_auto\/v1772711132\/now-international-3\/now-international-3.avif?_i=AA\" class=\"attachment-full size-full wp-post-28 wp-image-2152\" alt=\"\" data-format=\"avif\" data-transformations=\"f_auto,q_auto\" data-version=\"1772711132\" data-seo=\"1\" data-responsive=\"1\" srcset=\"https:\/\/res.cloudinary.com\/drzrkbegf\/images\/w_1280,h_921,c_scale\/f_auto,q_auto\/v1772711132\/now-international-3\/now-international-3.avif?_i=AA 1280w, https:\/\/res.cloudinary.com\/drzrkbegf\/images\/w_1248,h_897,c_scale\/f_auto,q_auto\/v1772711132\/now-international-3\/now-international-3.avif?_i=AA 1248w, https:\/\/res.cloudinary.com\/drzrkbegf\/images\/w_1048,h_754,c_scale\/f_auto,q_auto\/v1772711132\/now-international-3\/now-international-3.avif?_i=AA 1048w, https:\/\/res.cloudinary.com\/drzrkbegf\/images\/w_848,h_610,c_scale\/f_auto,q_auto\/v1772711132\/now-international-3\/now-international-3.avif?_i=AA 848w, https:\/\/res.cloudinary.com\/drzrkbegf\/images\/w_648,h_466,c_scale\/f_auto,q_auto\/v1772711132\/now-international-3\/now-international-3.avif?_i=AA 648w, https:\/\/res.cloudinary.com\/drzrkbegf\/images\/w_448,h_322,c_scale\/f_auto,q_auto\/v1772711132\/now-international-3\/now-international-3.avif?_i=AA 448w, https:\/\/res.cloudinary.com\/drzrkbegf\/images\/w_248,h_178,c_scale\/f_auto,q_auto\/v1772711132\/now-international-3\/now-international-3.avif?_i=AA 248w\" sizes=\"(max-width: 1280px) 100vw, 1280px\" \/>\t\t\t\t\t\t\t\t\t\t\t\t\t\t\t<\/div>\n\t\t\t\t<\/div>\n\t\t\t\t<\/div>\n\t\t\t\t\t<\/div>\n\t\t\t\t<\/div>\n\t\t<div class=\"elementor-element elementor-element-656ded4 more e-flex e-con-boxed e-con e-parent\" data-id=\"656ded4\" data-element_type=\"container\" data-e-type=\"container\" id=\"more\" data-settings=\"{&quot;background_background&quot;:&quot;classic&quot;}\">\n\t\t\t\t\t<div class=\"e-con-inner\">\n\t\t\t\t<div class=\"elementor-element elementor-element-ad7a8d7 elementor-widget elementor-widget-text-editor\" data-id=\"ad7a8d7\" data-element_type=\"widget\" data-e-type=\"widget\" data-widget_type=\"text-editor.default\">\n\t\t\t\t<div class=\"elementor-widget-container\">\n\t\t\t\t\t\t\t\t\t<p>Now International'da, ger\u00e7ek wellness'\u0131n iyi hissetmekten \u00e7ok daha fazlas\u0131 oldu\u011funa inan\u0131yoruz. Hayat\u0131n\u0131z\u0131n her alan\u0131nda tam anlam\u0131yla ya\u015famay\u0131 ve geli\u015fmeyi bir b\u00fct\u00fcn olarak ele al\u0131p, size bilimsel wellness \u00e7\u00f6z\u00fcmleri ve gelece\u011finizi \u015fekillendirme g\u00fcc\u00fc veren bir i\u015f modeli sunmak i\u00e7in buraday\u0131z.<\/p>\t\t\t\t\t\t\t\t<\/div>\n\t\t\t\t<\/div>\n\t\t\t\t\t<\/div>\n\t\t\t\t<\/div>\n\t\t<div class=\"elementor-element elementor-element-177119f e-flex e-con-boxed e-con e-parent\" data-id=\"177119f\" data-element_type=\"container\" data-e-type=\"container\" data-settings=\"{&quot;background_background&quot;:&quot;classic&quot;}\">\n\t\t\t\t\t<div class=\"e-con-inner\">\n\t\t<div class=\"elementor-element elementor-element-5d2e87c e-con-full e-flex e-con e-child\" data-id=\"5d2e87c\" data-element_type=\"container\" data-e-type=\"container\" data-settings=\"{&quot;background_background&quot;:&quot;classic&quot;}\">\n\t\t\t\t<div class=\"elementor-element elementor-element-844f45b elementor-widget elementor-widget-heading\" data-id=\"844f45b\" data-element_type=\"widget\" data-e-type=\"widget\" data-widget_type=\"heading.default\">\n\t\t\t\t<div class=\"elementor-widget-container\">\n\t\t\t\t\t<h2 class=\"elementor-heading-title elementor-size-default\">Hikayemiz<\/h2>\t\t\t\t<\/div>\n\t\t\t\t<\/div>\n\t\t\t\t<div class=\"elementor-element elementor-element-f8ba74a elementor-widget elementor-widget-text-editor\" data-id=\"f8ba74a\" data-element_type=\"widget\" data-e-type=\"widget\" data-widget_type=\"text-editor.default\">\n\t\t\t\t<div class=\"elementor-widget-container\">\n\t\t\t\t\t\t\t\t\t<p class=\"\" data-start=\"60\" data-end=\"207\">Now International, yenilik\u00e7i wellness \u00e7\u00f6z\u00fcmleri sunarken bir yandan da hayat\u0131n\u0131z\u0131 de\u011fi\u015ftirecek bir i\u015f f\u0131rsat\u0131 yaratma misyonu ile birlikte kuruldu.<\/p><p class=\"\" data-start=\"209\" data-end=\"614\">Kapsaml\u0131 ara\u015ft\u0131rmalar ve stratejik planlamalar \u0131\u015f\u0131\u011f\u0131nda, refah\u0131 ve ba\u015far\u0131y\u0131 desteklemek i\u00e7in tasarlanm\u0131\u015f y\u00fcksek kaliteli \u00fcr\u00fcnler geli\u015ftirdik. Faaliyete ge\u00e7ti\u011fimiz g\u00fcnden bu yana, binlerce bireye ula\u015farak ve k\u00fcresel varl\u0131\u011f\u0131m\u0131z\u0131 geni\u015fleterek wellness sekt\u00f6r\u00fcnde g\u00fcvenilir bir isim haline geldik. M\u00fckemmellik taahh\u00fcd\u00fcm\u00fcz, daha fazla insan\u0131n daha sa\u011fl\u0131kl\u0131 ve daha tatmin edici bir ya\u015fam s\u00fcrmesine yard\u0131mc\u0131 olurken bizi ileriye ta\u015f\u0131maya devam ediyor.<\/p>\t\t\t\t\t\t\t\t<\/div>\n\t\t\t\t<\/div>\n\t\t\t\t<\/div>\n\t\t<div class=\"elementor-element elementor-element-593ff42 e-con-full e-flex e-con e-child\" data-id=\"593ff42\" data-element_type=\"container\" data-e-type=\"container\" data-settings=\"{&quot;background_background&quot;:&quot;classic&quot;}\">\n\t\t\t\t<\/div>\n\t\t\t\t\t<\/div>\n\t\t\t\t<\/div>\n\t\t<div class=\"elementor-element elementor-element-c578826 e-flex e-con-boxed e-con e-parent\" data-id=\"c578826\" data-element_type=\"container\" data-e-type=\"container\">\n\t\t\t\t\t<div class=\"e-con-inner\">\n\t\t<div class=\"elementor-element elementor-element-3e3cd03 e-con-full e-flex e-con e-child\" data-id=\"3e3cd03\" data-element_type=\"container\" data-e-type=\"container\">\n\t\t\t\t<div class=\"elementor-element elementor-element-098c72c elementor-widget elementor-widget-heading\" data-id=\"098c72c\" data-element_type=\"widget\" data-e-type=\"widget\" data-widget_type=\"heading.default\">\n\t\t\t\t<div class=\"elementor-widget-container\">\n\t\t\t\t\t<h2 class=\"elementor-heading-title elementor-size-default\">Misyonumuz<\/h2>\t\t\t\t<\/div>\n\t\t\t\t<\/div>\n\t\t\t\t<div class=\"elementor-element elementor-element-0a5d431 elementor-widget elementor-widget-text-editor\" data-id=\"0a5d431\" data-element_type=\"widget\" data-e-type=\"widget\" data-widget_type=\"text-editor.default\">\n\t\t\t\t<div class=\"elementor-widget-container\">\n\t\t\t\t\t\t\t\t\t<p>\u0130nsanlar\u0131n daha kaliteli, daha sa\u011fl\u0131kl\u0131 ya\u015famas\u0131n\u0131 ve daha iyi hissetmesini g\u00f6zeterek yenilik\u00e7i wellness \u00e7\u00f6z\u00fcmleriyle desteklenen finansal \u00f6zg\u00fcrl\u00fc\u011fe ula\u015fmas\u0131n\u0131 sa\u011flamak.<\/p>\t\t\t\t\t\t\t\t<\/div>\n\t\t\t\t<\/div>\n\t\t\t\t<\/div>\n\t\t<div class=\"elementor-element elementor-element-11c5edd e-con-full e-flex e-con e-child\" data-id=\"11c5edd\" data-element_type=\"container\" data-e-type=\"container\">\n\t\t\t\t<div class=\"elementor-element elementor-element-a3cbd56 elementor-widget elementor-widget-heading\" data-id=\"a3cbd56\" data-element_type=\"widget\" data-e-type=\"widget\" data-widget_type=\"heading.default\">\n\t\t\t\t<div class=\"elementor-widget-container\">\n\t\t\t\t\t<h2 class=\"elementor-heading-title elementor-size-default\">Vizyonumuz<\/h2>\t\t\t\t<\/div>\n\t\t\t\t<\/div>\n\t\t\t\t<div class=\"elementor-element elementor-element-14dc41c elementor-widget elementor-widget-text-editor\" data-id=\"14dc41c\" data-element_type=\"widget\" data-e-type=\"widget\" data-widget_type=\"text-editor.default\">\n\t\t\t\t<div class=\"elementor-widget-container\">\n\t\t\t\t\t\t\t\t\t<p>Bilimsel temelli ileri sa\u011fl\u0131k \u00e7\u00f6z\u00fcmlerini d\u00fcnya \u00e7ap\u0131nda eri\u015filebilir k\u0131larak, wellness sekt\u00f6r\u00fcnde devrim yapmak ve ayn\u0131 zamanda finansal ba\u011f\u0131ms\u0131zl\u0131\u011f\u0131 destekleyen bir i\u015f modeli sunmak.<\/p>\t\t\t\t\t\t\t\t<\/div>\n\t\t\t\t<\/div>\n\t\t\t\t<\/div>\n\t\t\t\t\t<\/div>\n\t\t\t\t<\/div>\n\t\t<div class=\"elementor-element elementor-element-c87f0f9 e-flex e-con-boxed e-con e-parent\" data-id=\"c87f0f9\" data-element_type=\"container\" data-e-type=\"container\" data-settings=\"{&quot;background_background&quot;:&quot;classic&quot;}\">\n\t\t\t\t\t<div class=\"e-con-inner\">\n\t\t<div class=\"elementor-element elementor-element-3bfef48 e-con-full e-flex e-con e-child\" data-id=\"3bfef48\" data-element_type=\"container\" data-e-type=\"container\">\n\t\t\t\t<div class=\"elementor-element elementor-element-57242f4 elementor-widget elementor-widget-heading\" data-id=\"57242f4\" data-element_type=\"widget\" data-e-type=\"widget\" data-widget_type=\"heading.default\">\n\t\t\t\t<div class=\"elementor-widget-container\">\n\t\t\t\t\t<h2 class=\"elementor-heading-title elementor-size-default\">Bizi Farkl\u0131 K\u0131lan Nedir?<\/h2>\t\t\t\t<\/div>\n\t\t\t\t<\/div>\n\t\t\t\t<div class=\"elementor-element elementor-element-19ca30e elementor-widget elementor-widget-text-editor\" data-id=\"19ca30e\" data-element_type=\"widget\" data-e-type=\"widget\" data-widget_type=\"text-editor.default\">\n\t\t\t\t<div class=\"elementor-widget-container\">\n\t\t\t\t\t\t\t\t\t<p class=\"translation-block\">Yenilik\u00e7i \u00fcr\u00fcnler \u2013 Bilim taraf\u0131ndan desteklenen ve ger\u00e7ek sonu\u00e7lar i\u00e7in tasarlanan <br>Benzersiz \u0130\u015f Modeli \u2013 Refah\u0131 te\u015fvik ederken kazan\u0131lan zaman ve maddi \u00f6zg\u00fcrl\u00fck<br>K\u00fcresel Eri\u015fim \u2013 Bir\u00e7ok \u00fclkeye yay\u0131lma<br>Topluluk Odakl\u0131 B\u00fcy\u00fcme \u2013 Ba\u015far\u0131 birlikte in\u015fa edilir<\/p>\t\t\t\t\t\t\t\t<\/div>\n\t\t\t\t<\/div>\n\t\t\t\t<div class=\"elementor-element elementor-element-82a6bbd elementor-widget elementor-widget-button\" data-id=\"82a6bbd\" data-element_type=\"widget\" data-e-type=\"widget\" data-widget_type=\"button.default\">\n\t\t\t\t<div class=\"elementor-widget-container\">\n\t\t\t\t\t\t\t\t\t<div class=\"elementor-button-wrapper\">\n\t\t\t\t\t<a class=\"elementor-button elementor-button-link elementor-size-sm\" href=\"https:\/\/nowinternational.com.tr\/tr\/our-products\/\">\n\t\t\t\t\t\t<span class=\"elementor-button-content-wrapper\">\n\t\t\t\t\t\t\t\t\t<span class=\"elementor-button-text\">\u00dcr\u00fcnlerimizi Ke\u015ffedin<\/span>\n\t\t\t\t\t<\/span>\n\t\t\t\t\t<\/a>\n\t\t\t\t<\/div>\n\t\t\t\t\t\t\t\t<\/div>\n\t\t\t\t<\/div>\n\t\t\t\t<\/div>\n\t\t<div class=\"elementor-element elementor-element-0cc53a8 e-con-full e-flex e-con e-child\" data-id=\"0cc53a8\" data-element_type=\"container\" data-e-type=\"container\" data-settings=\"{&quot;background_background&quot;:&quot;classic&quot;}\">\n\t\t\t\t<\/div>\n\t\t\t\t\t<\/div>\n\t\t\t\t<\/div>\n\t\t<div class=\"elementor-element elementor-element-54b7fa57 e-flex e-con-boxed e-con e-parent\" data-id=\"54b7fa57\" data-element_type=\"container\" data-e-type=\"container\" id=\"xs_testi_4\" data-settings=\"{&quot;background_background&quot;:&quot;classic&quot;}\">\n\t\t\t\t\t<div class=\"e-con-inner\">\n\t\t\t\t<div class=\"elementor-element elementor-element-9cb8f29 elementor-widget elementor-widget-elementskit-heading\" data-id=\"9cb8f29\" data-element_type=\"widget\" data-e-type=\"widget\" data-widget_type=\"elementskit-heading.default\">\n\t\t\t\t<div class=\"elementor-widget-container\">\n\t\t\t\t\t<div class=\"ekit-wid-con\" ><div class=\"ekit-heading elementskit-section-title-wraper text_center   ekit_heading_tablet-   ekit_heading_mobile-\"><h2 class=\"ekit-heading--title elementskit-section-title\">Ger\u00e7ek \u0130nsanlar, Ger\u00e7ek <span><span>Sonu\u00e7lar<\/span><\/span><\/h2><\/div><\/div>\t\t\t\t<\/div>\n\t\t\t\t<\/div>\n\t\t\t\t<div class=\"elementor-element elementor-element-4a492389 ekit-testimonial-slide elementor-widget elementor-widget-elementskit-testimonial\" data-id=\"4a492389\" data-element_type=\"widget\" data-e-type=\"widget\" data-widget_type=\"elementskit-testimonial.default\">\n\t\t\t\t<div class=\"elementor-widget-container\">\n\t\t\t\t\t<div class=\"ekit-wid-con\" ><div class=\"elementskit-testimonial-slider arrow_inside\" data-config=\"{&quot;rtl&quot;:false,&quot;arrows&quot;:false,&quot;dots&quot;:false,&quot;pauseOnHover&quot;:true,&quot;autoplay&quot;:true,&quot;speed&quot;:1000,&quot;slidesPerGroup&quot;:1,&quot;slidesPerView&quot;:3,&quot;loop&quot;:true,&quot;spaceBetween&quot;:15,&quot;breakpoints&quot;:{&quot;320&quot;:{&quot;slidesPerView&quot;:&quot;1&quot;,&quot;slidesPerGroup&quot;:&quot;1&quot;,&quot;spaceBetween&quot;:10},&quot;768&quot;:{&quot;slidesPerView&quot;:&quot;2&quot;,&quot;slidesPerGroup&quot;:&quot;1&quot;,&quot;spaceBetween&quot;:10},&quot;1024&quot;:{&quot;slidesPerView&quot;:&quot;3&quot;,&quot;slidesPerGroup&quot;:1,&quot;spaceBetween&quot;:15}}}\">\n\t<div class=\"ekit-main-swiper swiper\">\n\t\t<div class=\"swiper-wrapper\">\n\t\t\t\t\t\t<div class=\"swiper-slide\">\n\t\t\t\t<div class=\"swiper-slide-inner\">\n\t\t\t\t\t<div class=\"elementskit-testimonial-inner\" >\n\t\t\t\t\t\t<div class=\"elementskit-single-testimonial-slider  ekit_testimonial_style_2\">\n\t\t\t\t\t\t\t<div class=\"elementskit-commentor-content\">\n\t\t\t\t\t\t\t\t\t\t\t\t\t\t\t\t\t<p>\"Bir\u00e7ok takviye denedim ama hi\u00e7biri Now transdermal bantlar\u0131 kadar etkili olmad\u0131. Birka\u00e7 hafta i\u00e7inde kendimi daha enerjik hissettim, uyku d\u00fczenim d\u00fczeldi ve hatta eklem a\u011fr\u0131lar\u0131m bile azald\u0131. Kullan\u0131mlar\u0131n\u0131n ne kadar kolay oldu\u011funu seviyorum - art\u0131k hap yutmaya gerek yok! Ger\u00e7ekten oyunun kurallar\u0131n\u0131 de\u011fi\u015ftiriyorlar.\"<\/p>\n\t\t\t\t\t\t\t\t\t\t\t\t\t\t\t\t\t\t\t\t\t\t\t\t\t<span class=\"elementskit-border-hr\"><\/span>\n\t\t\t\t\t\t\t\t\t\t\t\t\t\t\t\t<span class=\"elementskit-profile-info\">\n\t\t\t\t\t\t\t\t\t<strong class=\"elementskit-author-name\">Elif T<\/strong>\n\t\t\t\t\t\t\t\t\t<span class=\"elementskit-author-des\">\u00dcr\u00fcn Kullan\u0131c\u0131s\u0131<\/span>\n\t\t\t\t\t\t\t\t<\/span>\n\t\t\t\t\t\t\t<\/div>\n\t\t\t\t\t\t\t\t\t\t\t\t\t<\/div>\n\t\t\t\t\t<\/div>\n\t\t\t\t<\/div>\n\t\t\t<\/div>\n\t\t\t\t\t\t<div class=\"swiper-slide\">\n\t\t\t\t<div class=\"swiper-slide-inner\">\n\t\t\t\t\t<div class=\"elementskit-testimonial-inner\" >\n\t\t\t\t\t\t<div class=\"elementskit-single-testimonial-slider  ekit_testimonial_style_2\">\n\t\t\t\t\t\t\t<div class=\"elementskit-commentor-content\">\n\t\t\t\t\t\t\t\t\t\t\t\t\t\t\t\t\t<p>\"Now ile \u0130\u015f Orta\u011f\u0131 olmak hayat\u0131m boyunca verdi\u011fim en iyi karard\u0131! Yar\u0131 zamanl\u0131 olarak ba\u015flad\u0131m ve birka\u00e7 ay i\u00e7inde tam zamanl\u0131 i\u015fimden daha fazla para kazanmaya ba\u015flad\u0131m. E\u011fitim, destek ve ekip ruhu inan\u0131lmazd\u0131. \u015eimdi her zaman hayalini kurdu\u011fum finansal \u00f6zg\u00fcrl\u00fc\u011fe sahibim.\"<\/p>\n\t\t\t\t\t\t\t\t\t\t\t\t\t\t\t\t\t\t\t\t\t\t\t\t\t<span class=\"elementskit-border-hr\"><\/span>\n\t\t\t\t\t\t\t\t\t\t\t\t\t\t\t\t<span class=\"elementskit-profile-info\">\n\t\t\t\t\t\t\t\t\t<strong class=\"elementskit-author-name\">Mehmet A<\/strong>\n\t\t\t\t\t\t\t\t\t<span class=\"elementskit-author-des\">\u0130\u015f Orta\u011f\u0131<\/span>\n\t\t\t\t\t\t\t\t<\/span>\n\t\t\t\t\t\t\t<\/div>\n\t\t\t\t\t\t\t\t\t\t\t\t\t<\/div>\n\t\t\t\t\t<\/div>\n\t\t\t\t<\/div>\n\t\t\t<\/div>\n\t\t\t\t\t\t<div class=\"swiper-slide\">\n\t\t\t\t<div class=\"swiper-slide-inner\">\n\t\t\t\t\t<div class=\"elementskit-testimonial-inner\" >\n\t\t\t\t\t\t<div class=\"elementskit-single-testimonial-slider  ekit_testimonial_style_2\">\n\t\t\t\t\t\t\t<div class=\"elementskit-commentor-content\">\n\t\t\t\t\t\t\t\t\t\t\t\t\t\t\t\t\t<p>\"Alt\u0131n Kolajen Maske cildimi tamamen de\u011fi\u015ftirdi! Y\u00fcz\u00fcm her zamankinden daha s\u0131k\u0131, daha parlak ve daha nemli hissediyor. Her zaman \u0131\u015f\u0131lt\u0131mla ilgili iltifatlar al\u0131yorum. Cilt bak\u0131m\u0131n\u0131 bu kadar basit ve etkili hale getirdi\u011fin i\u00e7in te\u015fekk\u00fcrler, Now!\"<\/p>\n\t\t\t\t\t\t\t\t\t\t\t\t\t\t\t\t\t\t\t\t\t\t\t\t\t<span class=\"elementskit-border-hr\"><\/span>\n\t\t\t\t\t\t\t\t\t\t\t\t\t\t\t\t<span class=\"elementskit-profile-info\">\n\t\t\t\t\t\t\t\t\t<strong class=\"elementskit-author-name\">Ay\u015fe K<\/strong>\n\t\t\t\t\t\t\t\t\t<span class=\"elementskit-author-des\">\u00dcr\u00fcn Kullan\u0131c\u0131s\u0131<\/span>\n\t\t\t\t\t\t\t\t<\/span>\n\t\t\t\t\t\t\t<\/div>\n\t\t\t\t\t\t\t\t\t\t\t\t\t<\/div>\n\t\t\t\t\t<\/div>\n\t\t\t\t<\/div>\n\t\t\t<\/div>\n\t\t\t\t\t\t<div class=\"swiper-slide\">\n\t\t\t\t<div class=\"swiper-slide-inner\">\n\t\t\t\t\t<div class=\"elementskit-testimonial-inner\" >\n\t\t\t\t\t\t<div class=\"elementskit-single-testimonial-slider  ekit_testimonial_style_2\">\n\t\t\t\t\t\t\t<div class=\"elementskit-commentor-content\">\n\t\t\t\t\t\t\t\t\t\t\t\t\t\t\t\t\t<p>\"\u0130lk ba\u015fta \u015f\u00fcpheciydim, ancak Now'\u0131n do\u011frudan sat\u0131\u015f modeli \u00e7ok \u015feffaf ve \u00f6d\u00fcllendirici. Stok tutma konusunda endi\u015felenmeme gerek kalmad\u0131 ve ald\u0131\u011f\u0131m mentorlukla kendi ba\u015far\u0131l\u0131 i\u015fimi h\u0131zla kurdum. Kat\u0131lmay\u0131 d\u00fc\u015f\u00fcn\u00fcyorsan\u0131z, yap\u0131n; pi\u015fman olmayacaks\u0131n\u0131z!\"<\/p>\n\t\t\t\t\t\t\t\t\t\t\t\t\t\t\t\t\t\t\t\t\t\t\t\t\t<span class=\"elementskit-border-hr\"><\/span>\n\t\t\t\t\t\t\t\t\t\t\t\t\t\t\t\t<span class=\"elementskit-profile-info\">\n\t\t\t\t\t\t\t\t\t<strong class=\"elementskit-author-name\">Burak Y<\/strong>\n\t\t\t\t\t\t\t\t\t<span class=\"elementskit-author-des\">Tak\u0131m Lideri<\/span>\n\t\t\t\t\t\t\t\t<\/span>\n\t\t\t\t\t\t\t<\/div>\n\t\t\t\t\t\t\t\t\t\t\t\t\t<\/div>\n\t\t\t\t\t<\/div>\n\t\t\t\t<\/div>\n\t\t\t<\/div>\n\t\t\t\t\t\t<div class=\"swiper-slide\">\n\t\t\t\t<div class=\"swiper-slide-inner\">\n\t\t\t\t\t<div class=\"elementskit-testimonial-inner\" >\n\t\t\t\t\t\t<div class=\"elementskit-single-testimonial-slider  ekit_testimonial_style_2\">\n\t\t\t\t\t\t\t<div class=\"elementskit-commentor-content\">\n\t\t\t\t\t\t\t\t\t\t\t\t\t\t\t\t\t<p>\"Y\u0131llarca d\u00fc\u015f\u00fck enerji ve kilo y\u00f6netimiyle m\u00fccadele ettim, ancak Fit Now ve Tea Now Reduce kombinasyonu b\u00fcy\u00fck bir fark yaratt\u0131! Kendimi daha hafif, daha aktif ve v\u00fccudumu kontrol edebildi\u011fimi hissediyorum. Bu \u00fcr\u00fcnler ger\u00e7ekten i\u015fe yar\u0131yor!\"<\/p>\n\t\t\t\t\t\t\t\t\t\t\t\t\t\t\t\t\t\t\t\t\t\t\t\t\t<span class=\"elementskit-border-hr\"><\/span>\n\t\t\t\t\t\t\t\t\t\t\t\t\t\t\t\t<span class=\"elementskit-profile-info\">\n\t\t\t\t\t\t\t\t\t<strong class=\"elementskit-author-name\"> Zeynep D.<\/strong>\n\t\t\t\t\t\t\t\t\t<span class=\"elementskit-author-des\">\u00dcr\u00fcn Kullan\u0131c\u0131s\u0131<\/span>\n\t\t\t\t\t\t\t\t<\/span>\n\t\t\t\t\t\t\t<\/div>\n\t\t\t\t\t\t\t\t\t\t\t\t\t<\/div>\n\t\t\t\t\t<\/div>\n\t\t\t\t<\/div>\n\t\t\t<\/div>\n\t\t\t\t\t<\/div>\n\n\t\t\n\t\t\t<\/div>\n<\/div>\n<\/div>\t\t\t\t<\/div>\n\t\t\t\t<\/div>\n\t\t\t\t\t<\/div>\n\t\t\t\t<\/div>\n\t\t<div class=\"elementor-element elementor-element-d15c631 e-flex e-con-boxed e-con e-parent\" data-id=\"d15c631\" data-element_type=\"container\" data-e-type=\"container\" data-settings=\"{&quot;background_background&quot;:&quot;classic&quot;}\">\n\t\t\t\t\t<div class=\"e-con-inner\">\n\t\t<div class=\"elementor-element elementor-element-2e6ad18 e-con-full e-flex e-con e-child\" data-id=\"2e6ad18\" data-element_type=\"container\" data-e-type=\"container\" data-settings=\"{&quot;background_background&quot;:&quot;gradient&quot;}\">\n\t\t<div class=\"elementor-element elementor-element-30f4976 e-con-full e-flex e-con e-child\" data-id=\"30f4976\" data-element_type=\"container\" data-e-type=\"container\">\n\t\t\t\t<div class=\"elementor-element elementor-element-dc8ff16 elementor-widget elementor-widget-heading\" data-id=\"dc8ff16\" data-element_type=\"widget\" data-e-type=\"widget\" data-widget_type=\"heading.default\">\n\t\t\t\t<div class=\"elementor-widget-container\">\n\t\t\t\t\t<h2 class=\"elementor-heading-title elementor-size-default\">Birlikte Daha G\u00fc\u00e7l\u00fcy\u00fcz!<\/h2>\t\t\t\t<\/div>\n\t\t\t\t<\/div>\n\t\t\t\t<div class=\"elementor-element elementor-element-9210ea5 elementor-widget elementor-widget-heading\" data-id=\"9210ea5\" data-element_type=\"widget\" data-e-type=\"widget\" data-widget_type=\"heading.default\">\n\t\t\t\t<div class=\"elementor-widget-container\">\n\t\t\t\t\t<h2 class=\"elementor-heading-title elementor-size-default\">\u0130ster daha iyi bir sa\u011fl\u0131k ister daha iyi bir gelecek i\u00e7in burada olun, Now size her ad\u0131mda destek olmaya haz\u0131r.\n\n<\/h2>\t\t\t\t<\/div>\n\t\t\t\t<\/div>\n\t\t\t\t<\/div>\n\t\t<div class=\"elementor-element elementor-element-1b466b0 e-con-full e-flex e-con e-child\" data-id=\"1b466b0\" data-element_type=\"container\" data-e-type=\"container\">\n\t\t\t\t<div class=\"elementor-element elementor-element-f7d7518 elementor-widget elementor-widget-button\" data-id=\"f7d7518\" data-element_type=\"widget\" data-e-type=\"widget\" data-widget_type=\"button.default\">\n\t\t\t\t<div class=\"elementor-widget-container\">\n\t\t\t\t\t\t\t\t\t<div class=\"elementor-button-wrapper\">\n\t\t\t\t\t<a class=\"elementor-button elementor-button-link elementor-size-sm\" href=\"http:\/\/nowintr.com\">\n\t\t\t\t\t\t<span class=\"elementor-button-content-wrapper\">\n\t\t\t\t\t\t\t\t\t<span class=\"elementor-button-text\">Bize kat\u0131l\u0131n<\/span>\n\t\t\t\t\t<\/span>\n\t\t\t\t\t<\/a>\n\t\t\t\t<\/div>\n\t\t\t\t\t\t\t\t<\/div>\n\t\t\t\t<\/div>\n\t\t\t\t<\/div>\n\t\t\t\t<\/div>\n\t\t\t\t\t<\/div>\n\t\t\t\t<\/div>\n\t\t\t\t<\/div>","protected":false},"excerpt":{"rendered":"<p>Journey to Financial Freedom! Learn More At Now International, we believe that true wellness goes beyond just feeling good\u2014it\u2019s about living fully and thriving in every aspect of life. We\u2019re here to bring you science-backed wellness solutions and a business model that empowers you to take control of your future. Our Story Now International was&#8230;<\/p>","protected":false},"author":1,"featured_media":0,"parent":0,"menu_order":0,"comment_status":"closed","ping_status":"closed","template":"","meta":{"_acf_changed":false,"_kad_post_transparent":"","_kad_post_title":"hide","_kad_post_layout":"fullwidth","_kad_post_sidebar_id":"","_kad_post_content_style":"unboxed","_kad_post_vertical_padding":"hide","_kad_post_feature":"hide","_kad_post_feature_position":"","_kad_post_header":false,"_kad_post_footer":false,"_kad_post_classname":"","_cloudinary_featured_overwrite":false,"footnotes":""},"class_list":["post-28","page","type-page","status-publish","hentry"],"acf":[],"_links":{"self":[{"href":"https:\/\/nowinternational.com.tr\/tr\/wp-json\/wp\/v2\/pages\/28","targetHints":{"allow":["GET"]}}],"collection":[{"href":"https:\/\/nowinternational.com.tr\/tr\/wp-json\/wp\/v2\/pages"}],"about":[{"href":"https:\/\/nowinternational.com.tr\/tr\/wp-json\/wp\/v2\/types\/page"}],"author":[{"embeddable":true,"href":"https:\/\/nowinternational.com.tr\/tr\/wp-json\/wp\/v2\/users\/1"}],"replies":[{"embeddable":true,"href":"https:\/\/nowinternational.com.tr\/tr\/wp-json\/wp\/v2\/comments?post=28"}],"version-history":[{"count":9,"href":"https:\/\/nowinternational.com.tr\/tr\/wp-json\/wp\/v2\/pages\/28\/revisions"}],"predecessor-version":[{"id":2183,"href":"https:\/\/nowinternational.com.tr\/tr\/wp-json\/wp\/v2\/pages\/28\/revisions\/2183"}],"wp:attachment":[{"href":"https:\/\/nowinternational.com.tr\/tr\/wp-json\/wp\/v2\/media?parent=28"}],"curies":[{"name":"wp","href":"https:\/\/api.w.org\/{rel}","templated":true}]}}