{"id":911,"date":"2025-03-24T15:42:12","date_gmt":"2025-03-24T15:42:12","guid":{"rendered":"https:\/\/test.nowglobal.co\/?page_id=911"},"modified":"2025-03-27T17:16:16","modified_gmt":"2025-03-27T17:16:16","slug":"blog","status":"publish","type":"page","link":"https:\/\/nowinternational.com.tr\/tr\/blog\/","title":{"rendered":"Blog"},"content":{"rendered":"<div data-elementor-type=\"wp-page\" data-elementor-id=\"911\" class=\"elementor elementor-911\" data-elementor-post-type=\"page\">\n\t\t\t\t<div class=\"elementor-element elementor-element-50290d1 e-flex e-con-boxed e-con e-parent\" data-id=\"50290d1\" data-element_type=\"container\" data-e-type=\"container\" data-settings=\"{&quot;background_background&quot;:&quot;classic&quot;}\">\n\t\t\t\t\t<div class=\"e-con-inner\">\n\t\t<div class=\"elementor-element elementor-element-3f43c71 e-con-full e-flex e-con e-child\" data-id=\"3f43c71\" data-element_type=\"container\" data-e-type=\"container\">\n\t\t\t\t<div class=\"elementor-element elementor-element-74466d2 elementor-widget elementor-widget-heading\" data-id=\"74466d2\" data-element_type=\"widget\" data-e-type=\"widget\" data-widget_type=\"heading.default\">\n\t\t\t\t<div class=\"elementor-widget-container\">\n\t\t\t\t\t<h2 class=\"elementor-heading-title elementor-size-default\">Wellness &amp; Success Insights<\/h2>\t\t\t\t<\/div>\n\t\t\t\t<\/div>\n\t\t\t\t<div class=\"elementor-element elementor-element-a4c0300 elementor-widget elementor-widget-heading\" data-id=\"a4c0300\" data-element_type=\"widget\" data-e-type=\"widget\" data-widget_type=\"heading.default\">\n\t\t\t\t<div class=\"elementor-widget-container\">\n\t\t\t\t\t<h2 class=\"elementor-heading-title elementor-size-default\">Sa\u011fl\u0131k, zindelik ve ba\u015far\u0131l\u0131 bir i\u015f kurma konusunda uzman ipu\u00e7lar\u0131yla bilgilenin, ilham al\u0131n ve g\u00fc\u00e7lenin.\n\n<\/h2>\t\t\t\t<\/div>\n\t\t\t\t<\/div>\n\t\t\t\t<\/div>\n\t\t\t\t\t<\/div>\n\t\t\t\t<\/div>\n\t\t<div class=\"elementor-element elementor-element-af5ef9e e-flex e-con-boxed e-con e-parent\" data-id=\"af5ef9e\" data-element_type=\"container\" data-e-type=\"container\">\n\t\t\t\t\t<div class=\"e-con-inner\">\n\t\t\t\t<div class=\"elementor-element elementor-element-899b437 elementor-posts__hover-none elementor-grid-3 elementor-grid-tablet-2 elementor-grid-mobile-1 elementor-posts--thumbnail-top elementor-card-shadow-yes elementor-widget elementor-widget-posts\" data-id=\"899b437\" data-element_type=\"widget\" data-e-type=\"widget\" data-settings=\"{&quot;pagination_type&quot;:&quot;numbers_and_prev_next&quot;,&quot;cards_columns&quot;:&quot;3&quot;,&quot;cards_columns_tablet&quot;:&quot;2&quot;,&quot;cards_columns_mobile&quot;:&quot;1&quot;,&quot;cards_row_gap&quot;:{&quot;unit&quot;:&quot;px&quot;,&quot;size&quot;:35,&quot;sizes&quot;:[]},&quot;cards_row_gap_tablet&quot;:{&quot;unit&quot;:&quot;px&quot;,&quot;size&quot;:&quot;&quot;,&quot;sizes&quot;:[]},&quot;cards_row_gap_mobile&quot;:{&quot;unit&quot;:&quot;px&quot;,&quot;size&quot;:&quot;&quot;,&quot;sizes&quot;:[]}}\" data-widget_type=\"posts.cards\">\n\t\t\t\t<div class=\"elementor-widget-container\">\n\t\t\t\t\t\t\t<div class=\"elementor-posts-container elementor-posts elementor-posts--skin-cards elementor-grid\">\n\t\t\t\t<article class=\"elementor-post elementor-grid-item post-225 post type-post status-publish format-standard has-post-thumbnail hentry category-general\">\n\t\t\t<div class=\"elementor-post__card\">\n\t\t\t\t<a class=\"elementor-post__thumbnail__link\" href=\"https:\/\/nowinternational.com.tr\/tr\/2025\/03\/20\/why-direct-selling-is-the-future-of-flexible-income\/\" tabindex=\"-1\" ><div class=\"elementor-post__thumbnail\"><img fetchpriority=\"high\" decoding=\"async\" width=\"1920\" height=\"1382\" src=\"https:\/\/nowinternational.com.tr\/wp-content\/uploads\/2025\/03\/pexels-jopwell-2422290.jpg\" class=\"attachment-full size-full wp-post-221 wp-image-852\" alt=\"\" srcset=\"https:\/\/nowinternational.com.tr\/wp-content\/uploads\/2025\/03\/pexels-jopwell-2422290.jpg 1920w, https:\/\/nowinternational.com.tr\/wp-content\/uploads\/2025\/03\/pexels-jopwell-2422290-300x216.jpg 300w, https:\/\/nowinternational.com.tr\/wp-content\/uploads\/2025\/03\/pexels-jopwell-2422290-1024x737.jpg 1024w, https:\/\/nowinternational.com.tr\/wp-content\/uploads\/2025\/03\/pexels-jopwell-2422290-768x553.jpg 768w, https:\/\/nowinternational.com.tr\/wp-content\/uploads\/2025\/03\/pexels-jopwell-2422290-1536x1106.jpg 1536w\" sizes=\"(max-width: 1920px) 100vw, 1920px\" \/><\/div><\/a>\n\t\t\t\t<div class=\"elementor-post__badge\">Genel<\/div>\n\t\t\t\t<div class=\"elementor-post__text\">\n\t\t\t\t<h3 class=\"elementor-post__title\">\n\t\t\t<a href=\"https:\/\/nowinternational.com.tr\/tr\/2025\/03\/20\/why-direct-selling-is-the-future-of-flexible-income\/\" >\n\t\t\t\tDo\u011frudan Sat\u0131\u015f Neden Esnek Gelirin Gelece\u011fidir?\t\t\t<\/a>\n\t\t<\/h3>\n\t\t\n\t\t<a class=\"elementor-post__read-more\" href=\"https:\/\/nowinternational.com.tr\/tr\/2025\/03\/20\/why-direct-selling-is-the-future-of-flexible-income\/\" aria-label=\"Read more about Why Direct Selling is the Future of Flexible Income\" tabindex=\"-1\" >\n\t\t\tDevam\u0131n\u0131 oku\t\t<\/a>\n\n\t\t\t\t<\/div>\n\t\t\t\t<div class=\"elementor-post__meta-data\">\n\t\t\t\t\t<span class=\"elementor-post-date\">\n\t\t\tMart 20, 2025\t\t<\/span>\n\t\t\t\t<\/div>\n\t\t\t\t\t<\/div>\n\t\t<\/article>\n\t\t\t\t<article class=\"elementor-post elementor-grid-item post-221 post type-post status-publish format-standard has-post-thumbnail hentry category-general\">\n\t\t\t<div class=\"elementor-post__card\">\n\t\t\t\t<a class=\"elementor-post__thumbnail__link\" href=\"https:\/\/nowinternational.com.tr\/tr\/2025\/03\/20\/the-science-behind-transdermal-patches-why-theyre-changing-wellness\/\" tabindex=\"-1\" ><div class=\"elementor-post__thumbnail\"><img decoding=\"async\" width=\"1400\" height=\"787\" src=\"https:\/\/nowinternational.com.tr\/wp-content\/uploads\/2025\/03\/4479_image.jpg\" class=\"attachment-full size-full wp-post-221 wp-image-312\" alt=\"\" srcset=\"https:\/\/nowinternational.com.tr\/wp-content\/uploads\/2025\/03\/4479_image.jpg 1400w, https:\/\/nowinternational.com.tr\/wp-content\/uploads\/2025\/03\/4479_image-300x169.jpg 300w, https:\/\/nowinternational.com.tr\/wp-content\/uploads\/2025\/03\/4479_image-1024x576.jpg 1024w, https:\/\/nowinternational.com.tr\/wp-content\/uploads\/2025\/03\/4479_image-768x432.jpg 768w\" sizes=\"(max-width: 1400px) 100vw, 1400px\" \/><\/div><\/a>\n\t\t\t\t<div class=\"elementor-post__badge\">Genel<\/div>\n\t\t\t\t<div class=\"elementor-post__text\">\n\t\t\t\t<h3 class=\"elementor-post__title\">\n\t\t\t<a href=\"https:\/\/nowinternational.com.tr\/tr\/2025\/03\/20\/the-science-behind-transdermal-patches-why-theyre-changing-wellness\/\" >\n\t\t\t\tTransdermal Bantlar\u0131n Arkas\u0131ndaki Bilim \u2013 Wellness\u2019\u0131n Gelece\u011fi\t\t\t<\/a>\n\t\t<\/h3>\n\t\t\n\t\t<a class=\"elementor-post__read-more\" href=\"https:\/\/nowinternational.com.tr\/tr\/2025\/03\/20\/the-science-behind-transdermal-patches-why-theyre-changing-wellness\/\" aria-label=\"Read more about The Science Behind Transdermal Patches: Why They\u2019re Changing Wellness\" tabindex=\"-1\" >\n\t\t\tDevam\u0131n\u0131 oku\t\t<\/a>\n\n\t\t\t\t<\/div>\n\t\t\t\t<div class=\"elementor-post__meta-data\">\n\t\t\t\t\t<span class=\"elementor-post-date\">\n\t\t\tMart 20, 2025\t\t<\/span>\n\t\t\t\t<\/div>\n\t\t\t\t\t<\/div>\n\t\t<\/article>\n\t\t\t\t<\/div>\n\t\t\n\t\t\t\t\t\t<\/div>\n\t\t\t\t<\/div>\n\t\t\t\t\t<\/div>\n\t\t\t\t<\/div>\n\t\t\t\t<\/div>","protected":false},"excerpt":{"rendered":"<p>Wellness &#038; Success Insights Stay informed, inspired, and empowered with expert tips on health, wellness, and building a thriving business.<\/p>","protected":false},"author":1,"featured_media":0,"parent":0,"menu_order":0,"comment_status":"closed","ping_status":"closed","template":"","meta":{"_acf_changed":false,"_kad_post_transparent":"","_kad_post_title":"hide","_kad_post_layout":"fullwidth","_kad_post_sidebar_id":"","_kad_post_content_style":"unboxed","_kad_post_vertical_padding":"hide","_kad_post_feature":"hide","_kad_post_feature_position":"","_kad_post_header":false,"_kad_post_footer":false,"_kad_post_classname":"","_cloudinary_featured_overwrite":false,"footnotes":""},"class_list":["post-911","page","type-page","status-publish","hentry"],"acf":[],"_links":{"self":[{"href":"https:\/\/nowinternational.com.tr\/tr\/wp-json\/wp\/v2\/pages\/911","targetHints":{"allow":["GET"]}}],"collection":[{"href":"https:\/\/nowinternational.com.tr\/tr\/wp-json\/wp\/v2\/pages"}],"about":[{"href":"https:\/\/nowinternational.com.tr\/tr\/wp-json\/wp\/v2\/types\/page"}],"author":[{"embeddable":true,"href":"https:\/\/nowinternational.com.tr\/tr\/wp-json\/wp\/v2\/users\/1"}],"replies":[{"embeddable":true,"href":"https:\/\/nowinternational.com.tr\/tr\/wp-json\/wp\/v2\/comments?post=911"}],"version-history":[{"count":0,"href":"https:\/\/nowinternational.com.tr\/tr\/wp-json\/wp\/v2\/pages\/911\/revisions"}],"wp:attachment":[{"href":"https:\/\/nowinternational.com.tr\/tr\/wp-json\/wp\/v2\/media?parent=911"}],"curies":[{"name":"wp","href":"https:\/\/api.w.org\/{rel}","templated":true}]}}