{"id":982,"date":"2025-03-24T18:43:05","date_gmt":"2025-03-24T18:43:05","guid":{"rendered":"https:\/\/test.nowglobal.co\/?page_id=982"},"modified":"2025-05-12T08:45:29","modified_gmt":"2025-05-12T08:45:29","slug":"news-updates","status":"publish","type":"page","link":"https:\/\/nowinternational.com.tr\/tr\/news-updates\/","title":{"rendered":"News &amp; Updates"},"content":{"rendered":"<div data-elementor-type=\"wp-page\" data-elementor-id=\"982\" class=\"elementor elementor-982\" data-elementor-post-type=\"page\">\n\t\t\t\t<div class=\"elementor-element elementor-element-4800fef e-flex e-con-boxed e-con e-parent\" data-id=\"4800fef\" data-element_type=\"container\" data-e-type=\"container\" data-settings=\"{&quot;background_background&quot;:&quot;classic&quot;}\">\n\t\t\t\t\t<div class=\"e-con-inner\">\n\t\t\t\t<div class=\"elementor-element elementor-element-249b674 elementor-widget elementor-widget-heading\" data-id=\"249b674\" data-element_type=\"widget\" data-e-type=\"widget\" data-widget_type=\"heading.default\">\n\t\t\t\t<div class=\"elementor-widget-container\">\n\t\t\t\t\t<h2 class=\"elementor-heading-title elementor-size-default\">News &amp; Updates<\/h2>\t\t\t\t<\/div>\n\t\t\t\t<\/div>\n\t\t\t\t\t<\/div>\n\t\t\t\t<\/div>\n\t\t<div class=\"elementor-element elementor-element-0574f00 e-flex e-con-boxed e-con e-parent\" data-id=\"0574f00\" data-element_type=\"container\" data-e-type=\"container\">\n\t\t\t\t\t<div class=\"e-con-inner\">\n\t\t\t\t<div class=\"elementor-element elementor-element-ac5d4a4 elementor-widget elementor-widget-spacer\" data-id=\"ac5d4a4\" data-element_type=\"widget\" data-e-type=\"widget\" data-widget_type=\"spacer.default\">\n\t\t\t\t<div class=\"elementor-widget-container\">\n\t\t\t\t\t\t\t<div class=\"elementor-spacer\">\n\t\t\t<div class=\"elementor-spacer-inner\"><\/div>\n\t\t<\/div>\n\t\t\t\t\t\t<\/div>\n\t\t\t\t<\/div>\n\t\t\t\t\t<\/div>\n\t\t\t\t<\/div>\n\t\t<div class=\"elementor-element elementor-element-21ded60 e-flex e-con-boxed e-con e-parent\" data-id=\"21ded60\" data-element_type=\"container\" data-e-type=\"container\">\n\t\t\t\t\t<div class=\"e-con-inner\">\n\t\t<div class=\"elementor-element elementor-element-0cb35d5 e-con-full e-flex e-con e-child\" data-id=\"0cb35d5\" data-element_type=\"container\" data-e-type=\"container\" data-settings=\"{&quot;background_background&quot;:&quot;classic&quot;}\">\n\t\t\t\t<div class=\"elementor-element elementor-element-4f1f755 elementor-grid-2 elementor-grid-tablet-2 elementor-grid-mobile-1 elementor-posts--thumbnail-top elementor-card-shadow-yes elementor-posts__hover-gradient elementor-widget elementor-widget-posts\" data-id=\"4f1f755\" data-element_type=\"widget\" data-e-type=\"widget\" data-settings=\"{&quot;cards_columns&quot;:&quot;2&quot;,&quot;pagination_type&quot;:&quot;numbers_and_prev_next&quot;,&quot;cards_columns_tablet&quot;:&quot;2&quot;,&quot;cards_columns_mobile&quot;:&quot;1&quot;,&quot;cards_row_gap&quot;:{&quot;unit&quot;:&quot;px&quot;,&quot;size&quot;:35,&quot;sizes&quot;:[]},&quot;cards_row_gap_tablet&quot;:{&quot;unit&quot;:&quot;px&quot;,&quot;size&quot;:&quot;&quot;,&quot;sizes&quot;:[]},&quot;cards_row_gap_mobile&quot;:{&quot;unit&quot;:&quot;px&quot;,&quot;size&quot;:&quot;&quot;,&quot;sizes&quot;:[]}}\" data-widget_type=\"posts.cards\">\n\t\t\t\t<div class=\"elementor-widget-container\">\n\t\t\t\t\t\t\t<div class=\"elementor-posts-container elementor-posts elementor-posts--skin-cards elementor-grid\">\n\t\t\t\t<article class=\"elementor-post elementor-grid-item post-3326 news type-news status-publish format-standard has-post-thumbnail hentry news-category-etkinlikler\">\n\t\t\t<div class=\"elementor-post__card\">\n\t\t\t\t<a class=\"elementor-post__thumbnail__link\" href=\"https:\/\/nowinternational.com.tr\/tr\/news\/now-internationaldan-misir-tatili\/\" tabindex=\"-1\" ><div class=\"elementor-post__thumbnail\"><img width=\"1280\" height=\"720\" data-public-id=\"Egypt-Thumbnail\/Egypt-Thumbnail.jpg\" fetchpriority=\"high\" decoding=\"async\" src=\"https:\/\/res.cloudinary.com\/drzrkbegf\/images\/w_1280,h_720,c_scale\/f_auto,q_auto\/v1747039166\/Egypt-Thumbnail\/Egypt-Thumbnail.jpg?_i=AA\" class=\"attachment-full size-full wp-post-2190 wp-image-3327\" alt=\"\" data-format=\"jpg\" data-transformations=\"f_auto,q_auto\" data-version=\"1747039166\" data-seo=\"1\" data-responsive=\"1\" srcset=\"https:\/\/res.cloudinary.com\/drzrkbegf\/images\/w_1280,h_720,c_scale\/f_auto,q_auto\/v1747039166\/Egypt-Thumbnail\/Egypt-Thumbnail.jpg?_i=AA 1280w, https:\/\/res.cloudinary.com\/drzrkbegf\/images\/w_1248,h_702,c_scale\/f_auto,q_auto\/v1747039166\/Egypt-Thumbnail\/Egypt-Thumbnail.jpg?_i=AA 1248w, https:\/\/res.cloudinary.com\/drzrkbegf\/images\/w_1048,h_589,c_scale\/f_auto,q_auto\/v1747039166\/Egypt-Thumbnail\/Egypt-Thumbnail.jpg?_i=AA 1048w, https:\/\/res.cloudinary.com\/drzrkbegf\/images\/w_848,h_477,c_scale\/f_auto,q_auto\/v1747039166\/Egypt-Thumbnail\/Egypt-Thumbnail.jpg?_i=AA 848w, https:\/\/res.cloudinary.com\/drzrkbegf\/images\/w_648,h_364,c_scale\/f_auto,q_auto\/v1747039166\/Egypt-Thumbnail\/Egypt-Thumbnail.jpg?_i=AA 648w, https:\/\/res.cloudinary.com\/drzrkbegf\/images\/w_448,h_252,c_scale\/f_auto,q_auto\/v1747039166\/Egypt-Thumbnail\/Egypt-Thumbnail.jpg?_i=AA 448w, https:\/\/res.cloudinary.com\/drzrkbegf\/images\/w_248,h_139,c_scale\/f_auto,q_auto\/v1747039166\/Egypt-Thumbnail\/Egypt-Thumbnail.jpg?_i=AA 248w\" sizes=\"(max-width: 1280px) 100vw, 1280px\" \/><\/div><\/a>\n\t\t\t\t<div class=\"elementor-post__text\">\n\t\t\t\t<h3 class=\"elementor-post__title\">\n\t\t\t<a href=\"https:\/\/nowinternational.com.tr\/tr\/news\/now-internationaldan-misir-tatili\/\" >\n\t\t\t\tNow International\u2019dan B\u00fcy\u00fck Kampanya: M\u0131s\u0131r Tatili Seni Bekliyor! \ud83c\udf34\u2708\ufe0f\t\t\t<\/a>\n\t\t<\/h3>\n\t\t\t\t<div class=\"elementor-post__excerpt\">\n\t\t\t<p>Now International, 13-18 Kas\u0131m 2025 tarihlerinde d\u00fczenleyece\u011fimiz M\u0131s\u0131r Tatili i\u00e7in heyecan verici bir kampanya ba\u015flat\u0131yor!<\/p>\n\t\t<\/div>\n\t\t\n\t\t<a class=\"elementor-post__read-more\" href=\"https:\/\/nowinternational.com.tr\/tr\/news\/now-internationaldan-misir-tatili\/\" aria-label=\"Read more about Now International\u2019dan B\u00fcy\u00fck Kampanya: M\u0131s\u0131r Tatili Seni Bekliyor! \ud83c\udf34\u2708\ufe0f\" tabindex=\"-1\" >\n\t\t\tDevam\u0131n\u0131 oku\t\t<\/a>\n\n\t\t\t\t<\/div>\n\t\t\t\t<div class=\"elementor-post__meta-data\">\n\t\t\t\t\t<span class=\"elementor-post-date\">\n\t\t\tMay\u0131s 12, 2025\t\t<\/span>\n\t\t\t\t<\/div>\n\t\t\t\t\t<\/div>\n\t\t<\/article>\n\t\t\t\t<article class=\"elementor-post elementor-grid-item post-2221 news type-news status-publish format-standard has-post-thumbnail hentry news-category-etkinlikler\">\n\t\t\t<div class=\"elementor-post__card\">\n\t\t\t\t<a class=\"elementor-post__thumbnail__link\" href=\"https:\/\/nowinternational.com.tr\/tr\/news\/now-international-antalya-kampi-egitim-motivasyon-ve-buyume-dolu-3-gun\/\" tabindex=\"-1\" ><div class=\"elementor-post__thumbnail\"><img width=\"2560\" height=\"1707\" data-public-id=\"DSC02559\/DSC02559.jpg\" decoding=\"async\" src=\"https:\/\/res.cloudinary.com\/drzrkbegf\/images\/w_2560,h_1707,c_scale\/f_auto,q_auto\/v1746524987\/DSC02559\/DSC02559.jpg?_i=AA\" class=\"attachment-full size-full wp-post-2190 wp-image-2465\" alt=\"\" data-format=\"jpg\" data-transformations=\"f_auto,q_auto\" data-version=\"1746524987\" data-seo=\"1\" data-responsive=\"1\" srcset=\"https:\/\/res.cloudinary.com\/drzrkbegf\/images\/w_2560,h_1707,c_scale\/f_auto,q_auto\/v1746524987\/DSC02559\/DSC02559.jpg?_i=AA 2560w, https:\/\/res.cloudinary.com\/drzrkbegf\/images\/w_2048,h_1365,c_scale\/f_auto,q_auto\/v1746524987\/DSC02559\/DSC02559.jpg?_i=AA 2048w, https:\/\/res.cloudinary.com\/drzrkbegf\/images\/w_1848,h_1232,c_scale\/f_auto,q_auto\/v1746524987\/DSC02559\/DSC02559.jpg?_i=AA 1848w, https:\/\/res.cloudinary.com\/drzrkbegf\/images\/w_1648,h_1098,c_scale\/f_auto,q_auto\/v1746524987\/DSC02559\/DSC02559.jpg?_i=AA 1648w, https:\/\/res.cloudinary.com\/drzrkbegf\/images\/w_1448,h_965,c_scale\/f_auto,q_auto\/v1746524987\/DSC02559\/DSC02559.jpg?_i=AA 1448w, https:\/\/res.cloudinary.com\/drzrkbegf\/images\/w_1248,h_832,c_scale\/f_auto,q_auto\/v1746524987\/DSC02559\/DSC02559.jpg?_i=AA 1248w, https:\/\/res.cloudinary.com\/drzrkbegf\/images\/w_1048,h_698,c_scale\/f_auto,q_auto\/v1746524987\/DSC02559\/DSC02559.jpg?_i=AA 1048w, https:\/\/res.cloudinary.com\/drzrkbegf\/images\/w_848,h_565,c_scale\/f_auto,q_auto\/v1746524987\/DSC02559\/DSC02559.jpg?_i=AA 848w, https:\/\/res.cloudinary.com\/drzrkbegf\/images\/w_648,h_432,c_scale\/f_auto,q_auto\/v1746524987\/DSC02559\/DSC02559.jpg?_i=AA 648w, https:\/\/res.cloudinary.com\/drzrkbegf\/images\/w_448,h_298,c_scale\/f_auto,q_auto\/v1746524987\/DSC02559\/DSC02559.jpg?_i=AA 448w, https:\/\/res.cloudinary.com\/drzrkbegf\/images\/w_248,h_165,c_scale\/f_auto,q_auto\/v1746524987\/DSC02559\/DSC02559.jpg?_i=AA 248w\" sizes=\"(max-width: 2560px) 100vw, 2560px\" \/><\/div><\/a>\n\t\t\t\t<div class=\"elementor-post__text\">\n\t\t\t\t<h3 class=\"elementor-post__title\">\n\t\t\t<a href=\"https:\/\/nowinternational.com.tr\/tr\/news\/now-international-antalya-kampi-egitim-motivasyon-ve-buyume-dolu-3-gun\/\" >\n\t\t\t\tNow International Antalya Kamp\u0131: E\u011fitim, Motivasyon ve B\u00fcy\u00fcme Dolu 3 G\u00fcn!\t\t\t<\/a>\n\t\t<\/h3>\n\t\t\t\t<div class=\"elementor-post__excerpt\">\n\t\t\t<p>25\u201326\u201327 Nisan tarihlerinde Antalya\u2019da ger\u00e7ekle\u015fen Now International E\u011fitim ve Motivasyon Kamp\u0131, kat\u0131l\u0131mc\u0131lar i\u00e7in unutulmaz bir<\/p>\n\t\t<\/div>\n\t\t\n\t\t<a class=\"elementor-post__read-more\" href=\"https:\/\/nowinternational.com.tr\/tr\/news\/now-international-antalya-kampi-egitim-motivasyon-ve-buyume-dolu-3-gun\/\" aria-label=\"Read more about Now International Antalya Kamp\u0131: E\u011fitim, Motivasyon ve B\u00fcy\u00fcme Dolu 3 G\u00fcn!\" tabindex=\"-1\" >\n\t\t\tDevam\u0131n\u0131 oku\t\t<\/a>\n\n\t\t\t\t<\/div>\n\t\t\t\t<div class=\"elementor-post__meta-data\">\n\t\t\t\t\t<span class=\"elementor-post-date\">\n\t\t\tMay\u0131s 6, 2025\t\t<\/span>\n\t\t\t\t<\/div>\n\t\t\t\t\t<\/div>\n\t\t<\/article>\n\t\t\t\t<article class=\"elementor-post elementor-grid-item post-2195 news type-news status-publish format-standard hentry news-category-genel\">\n\t\t\t<div class=\"elementor-post__card\">\n\t\t\t\t<div class=\"elementor-post__text\">\n\t\t\t\t<h3 class=\"elementor-post__title\">\n\t\t\t<a href=\"https:\/\/nowinternational.com.tr\/tr\/news\/now-international-yeni-nesil-saglikli-yasam-ve-girisimcilik-modeli\/\" >\n\t\t\t\tNow International: Yeni Nesil Sa\u011fl\u0131kl\u0131 Ya\u015fam ve Giri\u015fimcilik Modeli\t\t\t<\/a>\n\t\t<\/h3>\n\t\t\t\t<div class=\"elementor-post__excerpt\">\n\t\t\t<p>G\u00fcn\u00fcm\u00fcz d\u00fcnyas\u0131nda insanlar sadece sa\u011fl\u0131kl\u0131 olmakla yetinmiyor; ayn\u0131 zamanda daha \u00f6zg\u00fcr, anlaml\u0131 ve ba\u011f\u0131ms\u0131z bir<\/p>\n\t\t<\/div>\n\t\t\n\t\t<a class=\"elementor-post__read-more\" href=\"https:\/\/nowinternational.com.tr\/tr\/news\/now-international-yeni-nesil-saglikli-yasam-ve-girisimcilik-modeli\/\" aria-label=\"Read more about Now International: Yeni Nesil Sa\u011fl\u0131kl\u0131 Ya\u015fam ve Giri\u015fimcilik Modeli\" tabindex=\"-1\" >\n\t\t\tDevam\u0131n\u0131 oku\t\t<\/a>\n\n\t\t\t\t<\/div>\n\t\t\t\t<div class=\"elementor-post__meta-data\">\n\t\t\t\t\t<span class=\"elementor-post-date\">\n\t\t\tNisan 9, 2025\t\t<\/span>\n\t\t\t\t<\/div>\n\t\t\t\t\t<\/div>\n\t\t<\/article>\n\t\t\t\t<article class=\"elementor-post elementor-grid-item post-2191 news type-news status-publish format-standard hentry\">\n\t\t\t<div class=\"elementor-post__card\">\n\t\t\t\t<div class=\"elementor-post__text\">\n\t\t\t\t<h3 class=\"elementor-post__title\">\n\t\t\t<a href=\"https:\/\/nowinternational.com.tr\/tr\/news\/now-international-ile-kendi-isinin-patronu-ol\/\" >\n\t\t\t\tNow International ile Kendi \u0130\u015finin Patronu Ol!\t\t\t<\/a>\n\t\t<\/h3>\n\t\t\t\t<div class=\"elementor-post__excerpt\">\n\t\t\t<p>Hayalinizdeki i\u015fi kurmak, \u00f6zg\u00fcrce \u00e7al\u0131\u015fmak ve sa\u011fl\u0131kl\u0131 bir ya\u015fam s\u00fcrd\u00fcrmek art\u0131k m\u00fcmk\u00fcn. \u00dcstelik b\u00fcy\u00fck sermayelere<\/p>\n\t\t<\/div>\n\t\t\n\t\t<a class=\"elementor-post__read-more\" href=\"https:\/\/nowinternational.com.tr\/tr\/news\/now-international-ile-kendi-isinin-patronu-ol\/\" aria-label=\"Read more about Now International ile Kendi \u0130\u015finin Patronu Ol!\" tabindex=\"-1\" >\n\t\t\tDevam\u0131n\u0131 oku\t\t<\/a>\n\n\t\t\t\t<\/div>\n\t\t\t\t<div class=\"elementor-post__meta-data\">\n\t\t\t\t\t<span class=\"elementor-post-date\">\n\t\t\tNisan 9, 2025\t\t<\/span>\n\t\t\t\t<\/div>\n\t\t\t\t\t<\/div>\n\t\t<\/article>\n\t\t\t\t<article class=\"elementor-post elementor-grid-item post-2190 news type-news status-publish format-standard hentry news-category-genel\">\n\t\t\t<div class=\"elementor-post__card\">\n\t\t\t\t<div class=\"elementor-post__text\">\n\t\t\t\t<h3 class=\"elementor-post__title\">\n\t\t\t<a href=\"https:\/\/nowinternational.com.tr\/tr\/news\/now-international-saglikta-ve-basarida-yeni-bir-donem\/\" >\n\t\t\t\tNow International: Sa\u011fl\u0131kta ve Ba\u015far\u0131da Yeni Bir D\u00f6nem\t\t\t<\/a>\n\t\t<\/h3>\n\t\t\t\t<div class=\"elementor-post__excerpt\">\n\t\t\t<p>Sa\u011fl\u0131k sekt\u00f6r\u00fcnde fark yaratmak isteyen bir grup vizyoner, y\u0131llar s\u00fcren ara\u015ft\u0131rmalar ve stratejik \u00e7al\u0131\u015fmalar sonucunda<\/p>\n\t\t<\/div>\n\t\t\n\t\t<a class=\"elementor-post__read-more\" href=\"https:\/\/nowinternational.com.tr\/tr\/news\/now-international-saglikta-ve-basarida-yeni-bir-donem\/\" aria-label=\"Read more about Now International: Sa\u011fl\u0131kta ve Ba\u015far\u0131da Yeni Bir D\u00f6nem\" tabindex=\"-1\" >\n\t\t\tDevam\u0131n\u0131 oku\t\t<\/a>\n\n\t\t\t\t<\/div>\n\t\t\t\t<div class=\"elementor-post__meta-data\">\n\t\t\t\t\t<span class=\"elementor-post-date\">\n\t\t\tNisan 9, 2025\t\t<\/span>\n\t\t\t\t<\/div>\n\t\t\t\t\t<\/div>\n\t\t<\/article>\n\t\t\t\t<\/div>\n\t\t\n\t\t\t\t\t\t<\/div>\n\t\t\t\t<\/div>\n\t\t\t\t<\/div>\n\t\t\t\t\t<\/div>\n\t\t\t\t<\/div>\n\t\t<div class=\"elementor-element elementor-element-5f90331 e-flex e-con-boxed e-con e-parent\" data-id=\"5f90331\" data-element_type=\"container\" data-e-type=\"container\">\n\t\t\t\t\t<div class=\"e-con-inner\">\n\t\t\t\t<div class=\"elementor-element elementor-element-684d9d3 elementor-widget elementor-widget-spacer\" data-id=\"684d9d3\" data-element_type=\"widget\" data-e-type=\"widget\" data-widget_type=\"spacer.default\">\n\t\t\t\t<div class=\"elementor-widget-container\">\n\t\t\t\t\t\t\t<div class=\"elementor-spacer\">\n\t\t\t<div class=\"elementor-spacer-inner\"><\/div>\n\t\t<\/div>\n\t\t\t\t\t\t<\/div>\n\t\t\t\t<\/div>\n\t\t\t\t\t<\/div>\n\t\t\t\t<\/div>\n\t\t\t\t<\/div>","protected":false},"excerpt":{"rendered":"<p>News &#038; Updates<\/p>","protected":false},"author":1,"featured_media":0,"parent":0,"menu_order":0,"comment_status":"closed","ping_status":"closed","template":"","meta":{"_acf_changed":false,"_kad_post_transparent":"","_kad_post_title":"hide","_kad_post_layout":"fullwidth","_kad_post_sidebar_id":"","_kad_post_content_style":"unboxed","_kad_post_vertical_padding":"hide","_kad_post_feature":"hide","_kad_post_feature_position":"","_kad_post_header":false,"_kad_post_footer":false,"_kad_post_classname":"","_cloudinary_featured_overwrite":false,"footnotes":""},"class_list":["post-982","page","type-page","status-publish","hentry"],"acf":[],"_links":{"self":[{"href":"https:\/\/nowinternational.com.tr\/tr\/wp-json\/wp\/v2\/pages\/982","targetHints":{"allow":["GET"]}}],"collection":[{"href":"https:\/\/nowinternational.com.tr\/tr\/wp-json\/wp\/v2\/pages"}],"about":[{"href":"https:\/\/nowinternational.com.tr\/tr\/wp-json\/wp\/v2\/types\/page"}],"author":[{"embeddable":true,"href":"https:\/\/nowinternational.com.tr\/tr\/wp-json\/wp\/v2\/users\/1"}],"replies":[{"embeddable":true,"href":"https:\/\/nowinternational.com.tr\/tr\/wp-json\/wp\/v2\/comments?post=982"}],"version-history":[{"count":3,"href":"https:\/\/nowinternational.com.tr\/tr\/wp-json\/wp\/v2\/pages\/982\/revisions"}],"predecessor-version":[{"id":3351,"href":"https:\/\/nowinternational.com.tr\/tr\/wp-json\/wp\/v2\/pages\/982\/revisions\/3351"}],"wp:attachment":[{"href":"https:\/\/nowinternational.com.tr\/tr\/wp-json\/wp\/v2\/media?parent=982"}],"curies":[{"name":"wp","href":"https:\/\/api.w.org\/{rel}","templated":true}]}}