{"id":243,"date":"2025-03-20T11:22:32","date_gmt":"2025-03-20T11:22:32","guid":{"rendered":"http:\/\/localhost\/nowinter\/?post_type=product&#038;p=243"},"modified":"2025-07-14T16:01:19","modified_gmt":"2025-07-14T16:01:19","slug":"pain-end","status":"publish","type":"product","link":"https:\/\/nowinternational.com.tr\/tr\/product\/pain-end\/","title":{"rendered":"Pain End"},"content":{"rendered":"<p class=\"translation-block\">Pain End, genel sa\u011fl\u0131k ve canl\u0131l\u0131\u011f\u0131 desteklemek i\u00e7in tasarlanm\u0131\u015f birinci s\u0131n\u0131f bir transdermal bantt\u0131r. Do\u011fal \u00f6zler ve temel minerallerin g\u00fc\u00e7l\u00fc bir kar\u0131\u015f\u0131m\u0131yla form\u00fcle edilen bu yenilik\u00e7i bant, temel besinleri do\u011frudan cilt yoluyla iletir ve geli\u015fmi\u015f emilim ve uzun s\u00fcreli faydalar sa\u011flar. \u0130ster ba\u011f\u0131\u015f\u0131kl\u0131k sisteminizi g\u00fc\u00e7lendirmek, ister enerji seviyenizi iyile\u015ftirmek veya genel sa\u011fl\u0131\u011f\u0131n\u0131z\u0131 desteklemek isteyin, Pain End her g\u00fcn kendinizi en iyi \u015fekilde hissetmenize yard\u0131mc\u0131 olmak i\u00e7in tasarlanm\u0131\u015ft\u0131r.<\/p>","protected":false},"featured_media":476,"template":"","meta":{"_acf_changed":true,"_kad_post_transparent":"","_kad_post_title":"","_kad_post_layout":"","_kad_post_sidebar_id":"","_kad_post_content_style":"","_kad_post_vertical_padding":"","_kad_post_feature":"","_kad_post_feature_position":"","_kad_post_header":false,"_kad_post_footer":false,"_kad_post_classname":"","_cloudinary_featured_overwrite":false},"product-category":[3],"class_list":["post-243","product","type-product","status-publish","has-post-thumbnail","hentry","product-category-transdermal-patches"],"acf":[],"_links":{"self":[{"href":"https:\/\/nowinternational.com.tr\/tr\/wp-json\/wp\/v2\/product\/243","targetHints":{"allow":["GET"]}}],"collection":[{"href":"https:\/\/nowinternational.com.tr\/tr\/wp-json\/wp\/v2\/product"}],"about":[{"href":"https:\/\/nowinternational.com.tr\/tr\/wp-json\/wp\/v2\/types\/product"}],"wp:featuredmedia":[{"embeddable":true,"href":"https:\/\/nowinternational.com.tr\/tr\/wp-json\/wp\/v2\/media\/476"}],"wp:attachment":[{"href":"https:\/\/nowinternational.com.tr\/tr\/wp-json\/wp\/v2\/media?parent=243"}],"wp:term":[{"taxonomy":"product-category","embeddable":true,"href":"https:\/\/nowinternational.com.tr\/tr\/wp-json\/wp\/v2\/product-category?post=243"}],"curies":[{"name":"wp","href":"https:\/\/api.w.org\/{rel}","templated":true}]}}