{"id":260,"date":"2025-03-20T14:21:41","date_gmt":"2025-03-20T14:21:41","guid":{"rendered":"http:\/\/localhost\/nowinter\/?post_type=product&#038;p=260"},"modified":"2025-07-14T16:01:06","modified_gmt":"2025-07-14T16:01:06","slug":"hex-now","status":"publish","type":"product","link":"https:\/\/nowinternational.com.tr\/tr\/product\/hex-now\/","title":{"rendered":"Hex Now"},"content":{"rendered":"<p>Hex Now, hem zihinsel hem de fiziksel refah\u0131 desteklemek i\u00e7in form\u00fcle edilmi\u015f birinci s\u0131n\u0131f bir transdermal yamad\u0131r. Bilimsel olarak se\u00e7ilmi\u015f bile\u015fenleri bili\u015fsel i\u015flevi, kardiyovask\u00fcler sa\u011fl\u0131\u011f\u0131 ve ba\u011f\u0131\u015f\u0131kl\u0131k savunmas\u0131n\u0131 iyile\u015ftirmeye yard\u0131mc\u0131 olurken ayn\u0131 zamanda kemik g\u00fcc\u00fcn\u00fc, g\u00f6z sa\u011fl\u0131\u011f\u0131n\u0131 ve genel canl\u0131l\u0131\u011f\u0131 destekler. G\u00fcnl\u00fck kullan\u0131m\u0131 kolay olacak \u015fekilde tasarlanan Hex Now, temel besinlerin tutarl\u0131 bir \u015fekilde emilmesini sa\u011flayarak sa\u011fl\u0131kl\u0131 ya\u015fam rutininize uygun bir ektir.<\/p>","protected":false},"featured_media":478,"template":"","meta":{"_acf_changed":true,"_kad_post_transparent":"","_kad_post_title":"","_kad_post_layout":"","_kad_post_sidebar_id":"","_kad_post_content_style":"","_kad_post_vertical_padding":"","_kad_post_feature":"","_kad_post_feature_position":"","_kad_post_header":false,"_kad_post_footer":false,"_kad_post_classname":"","_cloudinary_featured_overwrite":false},"product-category":[3],"class_list":["post-260","product","type-product","status-publish","has-post-thumbnail","hentry","product-category-transdermal-patches"],"acf":[],"_links":{"self":[{"href":"https:\/\/nowinternational.com.tr\/tr\/wp-json\/wp\/v2\/product\/260","targetHints":{"allow":["GET"]}}],"collection":[{"href":"https:\/\/nowinternational.com.tr\/tr\/wp-json\/wp\/v2\/product"}],"about":[{"href":"https:\/\/nowinternational.com.tr\/tr\/wp-json\/wp\/v2\/types\/product"}],"wp:featuredmedia":[{"embeddable":true,"href":"https:\/\/nowinternational.com.tr\/tr\/wp-json\/wp\/v2\/media\/478"}],"wp:attachment":[{"href":"https:\/\/nowinternational.com.tr\/tr\/wp-json\/wp\/v2\/media?parent=260"}],"wp:term":[{"taxonomy":"product-category","embeddable":true,"href":"https:\/\/nowinternational.com.tr\/tr\/wp-json\/wp\/v2\/product-category?post=260"}],"curies":[{"name":"wp","href":"https:\/\/api.w.org\/{rel}","templated":true}]}}