{"id":264,"date":"2025-03-20T14:33:07","date_gmt":"2025-03-20T14:33:07","guid":{"rendered":"http:\/\/localhost\/nowinter\/?post_type=product&#038;p=264"},"modified":"2025-07-14T16:00:47","modified_gmt":"2025-07-14T16:00:47","slug":"now-energy","status":"publish","type":"product","link":"https:\/\/nowinternational.com.tr\/tr\/product\/now-energy\/","title":{"rendered":"Now Energy"},"content":{"rendered":"<p>Now Energy, enerji seviyelerini art\u0131rmak, fiziksel performans\u0131 geli\u015ftirmek ve genel refah\u0131 desteklemek i\u00e7in tasarlanm\u0131\u015f g\u00fc\u00e7l\u00fc bir besin takviyesidir. Temel vitaminler, mineraller ve amino asitlerin bir kar\u0131\u015f\u0131m\u0131 ile form\u00fcle edilmi\u015ftir, dola\u015f\u0131m\u0131 iyile\u015ftirmeye, metabolizmay\u0131 d\u00fczenlemeye ve h\u00fccre sa\u011fl\u0131\u011f\u0131n\u0131 desteklemeye yard\u0131mc\u0131 olur. Antioksidan ve ya\u015flanma kar\u015f\u0131t\u0131 \u00f6zellikleriyle Now Energy, daha sa\u011fl\u0131kl\u0131 bir v\u00fccuda ve zihne katk\u0131da bulunarak g\u00fcnl\u00fck rutininizin vazge\u00e7ilmez bir par\u00e7as\u0131 haline gelir.<\/p>","protected":false},"featured_media":481,"template":"","meta":{"_acf_changed":true,"_kad_post_transparent":"","_kad_post_title":"","_kad_post_layout":"","_kad_post_sidebar_id":"","_kad_post_content_style":"","_kad_post_vertical_padding":"","_kad_post_feature":"","_kad_post_feature_position":"","_kad_post_header":false,"_kad_post_footer":false,"_kad_post_classname":"","_cloudinary_featured_overwrite":false},"product-category":[5],"class_list":["post-264","product","type-product","status-publish","has-post-thumbnail","hentry","product-category-drinks"],"acf":[],"_links":{"self":[{"href":"https:\/\/nowinternational.com.tr\/tr\/wp-json\/wp\/v2\/product\/264","targetHints":{"allow":["GET"]}}],"collection":[{"href":"https:\/\/nowinternational.com.tr\/tr\/wp-json\/wp\/v2\/product"}],"about":[{"href":"https:\/\/nowinternational.com.tr\/tr\/wp-json\/wp\/v2\/types\/product"}],"wp:featuredmedia":[{"embeddable":true,"href":"https:\/\/nowinternational.com.tr\/tr\/wp-json\/wp\/v2\/media\/481"}],"wp:attachment":[{"href":"https:\/\/nowinternational.com.tr\/tr\/wp-json\/wp\/v2\/media?parent=264"}],"wp:term":[{"taxonomy":"product-category","embeddable":true,"href":"https:\/\/nowinternational.com.tr\/tr\/wp-json\/wp\/v2\/product-category?post=264"}],"curies":[{"name":"wp","href":"https:\/\/api.w.org\/{rel}","templated":true}]}}