{"id":266,"date":"2025-03-20T14:39:29","date_gmt":"2025-03-20T14:39:29","guid":{"rendered":"http:\/\/localhost\/nowinter\/?post_type=product&#038;p=266"},"modified":"2025-07-14T16:00:36","modified_gmt":"2025-07-14T16:00:36","slug":"teamazing-herbal-tea","status":"publish","type":"product","link":"https:\/\/nowinternational.com.tr\/tr\/product\/teamazing-herbal-tea\/","title":{"rendered":"Teamazing"},"content":{"rendered":"<p>Teamazing Bitkisel \u00c7ay, v\u00fccudunuzun ba\u011f\u0131\u015f\u0131kl\u0131\u011f\u0131n\u0131, sindirim sa\u011fl\u0131\u011f\u0131n\u0131 ve genel refah\u0131n\u0131 desteklemek i\u00e7in birlikte \u00e7al\u0131\u015fan do\u011fal i\u00e7eriklerin \u00f6zenle haz\u0131rlanm\u0131\u015f bir kar\u0131\u015f\u0131m\u0131d\u0131r. Kolesterol seviyelerini d\u00fczenlemeye, kiloyu y\u00f6netmeye ve zihinsel berrakl\u0131\u011f\u0131 iyile\u015ftirmeye yard\u0131mc\u0131 olurken sakinlik hissini te\u015fvik etmek i\u00e7in tasarlanm\u0131\u015ft\u0131r.<\/p>","protected":false},"featured_media":468,"template":"","meta":{"_acf_changed":true,"_kad_post_transparent":"","_kad_post_title":"","_kad_post_layout":"","_kad_post_sidebar_id":"","_kad_post_content_style":"","_kad_post_vertical_padding":"","_kad_post_feature":"","_kad_post_feature_position":"","_kad_post_header":false,"_kad_post_footer":false,"_kad_post_classname":"","_cloudinary_featured_overwrite":false},"product-category":[6],"class_list":["post-266","product","type-product","status-publish","has-post-thumbnail","hentry","product-category-herbal-teas"],"acf":[],"_links":{"self":[{"href":"https:\/\/nowinternational.com.tr\/tr\/wp-json\/wp\/v2\/product\/266","targetHints":{"allow":["GET"]}}],"collection":[{"href":"https:\/\/nowinternational.com.tr\/tr\/wp-json\/wp\/v2\/product"}],"about":[{"href":"https:\/\/nowinternational.com.tr\/tr\/wp-json\/wp\/v2\/types\/product"}],"wp:featuredmedia":[{"embeddable":true,"href":"https:\/\/nowinternational.com.tr\/tr\/wp-json\/wp\/v2\/media\/468"}],"wp:attachment":[{"href":"https:\/\/nowinternational.com.tr\/tr\/wp-json\/wp\/v2\/media?parent=266"}],"wp:term":[{"taxonomy":"product-category","embeddable":true,"href":"https:\/\/nowinternational.com.tr\/tr\/wp-json\/wp\/v2\/product-category?post=266"}],"curies":[{"name":"wp","href":"https:\/\/api.w.org\/{rel}","templated":true}]}}