{"id":267,"date":"2025-03-20T14:42:27","date_gmt":"2025-03-20T14:42:27","guid":{"rendered":"http:\/\/localhost\/nowinter\/?post_type=product&#038;p=267"},"modified":"2025-07-14T16:00:22","modified_gmt":"2025-07-14T16:00:22","slug":"tea-now-reduce","status":"publish","type":"product","link":"https:\/\/nowinternational.com.tr\/tr\/product\/tea-now-reduce\/","title":{"rendered":"Tea Now Reduce"},"content":{"rendered":"<p>Tea Now Reduce, v\u00fccudunuzun sa\u011fl\u0131\u011f\u0131n\u0131 ve metabolizmas\u0131n\u0131 desteklemek i\u00e7in \u00e7e\u015fitli g\u00fc\u00e7l\u00fc otlar ve bitki bazl\u0131 bile\u015fenleri bir araya getirir. Bu bitki \u00e7ay\u0131, kilo vermenize, sindirimi iyile\u015ftirmenize ve zihinsel berrakl\u0131\u011f\u0131 desteklemenize yard\u0131mc\u0131 olmak i\u00e7in tasarlanm\u0131\u015ft\u0131r ve ayn\u0131 zamanda h\u00fccrelerinizi korumak ve ya\u015flanma s\u00fcrecini yava\u015flatmak i\u00e7in anti-inflamatuar ve antioksidan faydalar sa\u011flar.<\/p>","protected":false},"featured_media":473,"template":"","meta":{"_acf_changed":true,"_kad_post_transparent":"","_kad_post_title":"","_kad_post_layout":"","_kad_post_sidebar_id":"","_kad_post_content_style":"","_kad_post_vertical_padding":"","_kad_post_feature":"","_kad_post_feature_position":"","_kad_post_header":false,"_kad_post_footer":false,"_kad_post_classname":"","_cloudinary_featured_overwrite":false},"product-category":[6],"class_list":["post-267","product","type-product","status-publish","has-post-thumbnail","hentry","product-category-herbal-teas"],"acf":[],"_links":{"self":[{"href":"https:\/\/nowinternational.com.tr\/tr\/wp-json\/wp\/v2\/product\/267","targetHints":{"allow":["GET"]}}],"collection":[{"href":"https:\/\/nowinternational.com.tr\/tr\/wp-json\/wp\/v2\/product"}],"about":[{"href":"https:\/\/nowinternational.com.tr\/tr\/wp-json\/wp\/v2\/types\/product"}],"wp:featuredmedia":[{"embeddable":true,"href":"https:\/\/nowinternational.com.tr\/tr\/wp-json\/wp\/v2\/media\/473"}],"wp:attachment":[{"href":"https:\/\/nowinternational.com.tr\/tr\/wp-json\/wp\/v2\/media?parent=267"}],"wp:term":[{"taxonomy":"product-category","embeddable":true,"href":"https:\/\/nowinternational.com.tr\/tr\/wp-json\/wp\/v2\/product-category?post=267"}],"curies":[{"name":"wp","href":"https:\/\/api.w.org\/{rel}","templated":true}]}}