{"id":268,"date":"2025-03-20T14:44:48","date_gmt":"2025-03-20T14:44:48","guid":{"rendered":"http:\/\/localhost\/nowinter\/?post_type=product&#038;p=268"},"modified":"2025-07-14T16:00:12","modified_gmt":"2025-07-14T16:00:12","slug":"now-pro-tea","status":"publish","type":"product","link":"https:\/\/nowinternational.com.tr\/tr\/product\/now-pro-tea\/","title":{"rendered":"Now Pro Tea"},"content":{"rendered":"<p>Now Pro Tea, lavanta, kadife \u00e7i\u00e7e\u011fi, ard\u0131\u00e7 tohumu, karanfil ve atkuyru\u011funun bir araya getirildi\u011fi ve \u00e7e\u015fitli sa\u011fl\u0131k sorunlar\u0131na yard\u0131mc\u0131 olan \u00f6zenle haz\u0131rlanm\u0131\u015f bir bitkisel inf\u00fczyondur. Cinsel i\u015flevi art\u0131rarak, v\u00fccudun do\u011fal detoks s\u00fcre\u00e7lerini destekleyerek ve eklem a\u011fr\u0131s\u0131, cilt rahats\u0131zl\u0131klar\u0131 ve daha fazlas\u0131n\u0131n tedavisine yard\u0131mc\u0131 olarak genel refah\u0131 destekler.<\/p>","protected":false},"featured_media":477,"template":"","meta":{"_acf_changed":true,"_kad_post_transparent":"","_kad_post_title":"","_kad_post_layout":"","_kad_post_sidebar_id":"","_kad_post_content_style":"","_kad_post_vertical_padding":"","_kad_post_feature":"","_kad_post_feature_position":"","_kad_post_header":false,"_kad_post_footer":false,"_kad_post_classname":"","_cloudinary_featured_overwrite":false},"product-category":[6],"class_list":["post-268","product","type-product","status-publish","has-post-thumbnail","hentry","product-category-herbal-teas"],"acf":[],"_links":{"self":[{"href":"https:\/\/nowinternational.com.tr\/tr\/wp-json\/wp\/v2\/product\/268","targetHints":{"allow":["GET"]}}],"collection":[{"href":"https:\/\/nowinternational.com.tr\/tr\/wp-json\/wp\/v2\/product"}],"about":[{"href":"https:\/\/nowinternational.com.tr\/tr\/wp-json\/wp\/v2\/types\/product"}],"wp:featuredmedia":[{"embeddable":true,"href":"https:\/\/nowinternational.com.tr\/tr\/wp-json\/wp\/v2\/media\/477"}],"wp:attachment":[{"href":"https:\/\/nowinternational.com.tr\/tr\/wp-json\/wp\/v2\/media?parent=268"}],"wp:term":[{"taxonomy":"product-category","embeddable":true,"href":"https:\/\/nowinternational.com.tr\/tr\/wp-json\/wp\/v2\/product-category?post=268"}],"curies":[{"name":"wp","href":"https:\/\/api.w.org\/{rel}","templated":true}]}}