{"id":269,"date":"2025-03-20T14:47:18","date_gmt":"2025-03-20T14:47:18","guid":{"rendered":"http:\/\/localhost\/nowinter\/?post_type=product&#038;p=269"},"modified":"2025-07-14T15:59:47","modified_gmt":"2025-07-14T15:59:47","slug":"stay-up","status":"publish","type":"product","link":"https:\/\/nowinternational.com.tr\/tr\/product\/stay-up\/","title":{"rendered":"Stay Up"},"content":{"rendered":"<p>Stay Up, ba\u011f\u0131\u015f\u0131kl\u0131k sa\u011fl\u0131\u011f\u0131n\u0131 destekleme, iltihab\u0131 azaltma ve zihinsel berrakl\u0131\u011f\u0131 iyile\u015ftirme yetenekleriyle bilinen do\u011fal bile\u015fenleri bir araya getirerek genel refah\u0131n\u0131z\u0131 iyile\u015ftirmek i\u00e7in tasarlanm\u0131\u015ft\u0131r. Bu \u00fcr\u00fcn, \u00f6zellikle ba\u011f\u0131\u015f\u0131kl\u0131klar\u0131n\u0131 g\u00fc\u00e7lendirmek, eklem rahats\u0131zl\u0131klar\u0131n\u0131 hafifletmek ve dengeli bir ruh halini korumak isteyenler i\u00e7in faydal\u0131d\u0131r, t\u00fcm bunlar\u0131 yaparken sa\u011fl\u0131kl\u0131 karaci\u011fer fonksiyonunu destekler ve fiziksel rahats\u0131zl\u0131klardan iyile\u015fmeyi iyile\u015ftirir.<\/p>","protected":false},"featured_media":474,"template":"","meta":{"_acf_changed":true,"_kad_post_transparent":"","_kad_post_title":"","_kad_post_layout":"","_kad_post_sidebar_id":"","_kad_post_content_style":"","_kad_post_vertical_padding":"","_kad_post_feature":"","_kad_post_feature_position":"","_kad_post_header":false,"_kad_post_footer":false,"_kad_post_classname":"","_cloudinary_featured_overwrite":false},"product-category":[3],"class_list":["post-269","product","type-product","status-publish","has-post-thumbnail","hentry","product-category-transdermal-patches"],"acf":[],"_links":{"self":[{"href":"https:\/\/nowinternational.com.tr\/tr\/wp-json\/wp\/v2\/product\/269","targetHints":{"allow":["GET"]}}],"collection":[{"href":"https:\/\/nowinternational.com.tr\/tr\/wp-json\/wp\/v2\/product"}],"about":[{"href":"https:\/\/nowinternational.com.tr\/tr\/wp-json\/wp\/v2\/types\/product"}],"wp:featuredmedia":[{"embeddable":true,"href":"https:\/\/nowinternational.com.tr\/tr\/wp-json\/wp\/v2\/media\/474"}],"wp:attachment":[{"href":"https:\/\/nowinternational.com.tr\/tr\/wp-json\/wp\/v2\/media?parent=269"}],"wp:term":[{"taxonomy":"product-category","embeddable":true,"href":"https:\/\/nowinternational.com.tr\/tr\/wp-json\/wp\/v2\/product-category?post=269"}],"curies":[{"name":"wp","href":"https:\/\/api.w.org\/{rel}","templated":true}]}}