{"id":270,"date":"2025-03-20T14:50:04","date_gmt":"2025-03-20T14:50:04","guid":{"rendered":"http:\/\/localhost\/nowinter\/?post_type=product&#038;p=270"},"modified":"2025-07-14T15:57:47","modified_gmt":"2025-07-14T15:57:47","slug":"fit-now","status":"publish","type":"product","link":"https:\/\/nowinternational.com.tr\/tr\/product\/fit-now\/","title":{"rendered":"Fit Now"},"content":{"rendered":"<p>Fit Now, metabolizman\u0131z\u0131 h\u0131zland\u0131rmaya, ya\u011flar\u0131 daha verimli yakmaya ve kilo verme hedeflerinize ula\u015fman\u0131za yard\u0131mc\u0131 olan yenilik\u00e7i bir sa\u011fl\u0131kl\u0131 ya\u015fam band\u0131d\u0131r. Do\u011fal i\u00e7eriklerin benzersiz kombinasyonuyla Fit Now, \u00f6zellikle kal\u00e7a ve g\u00f6bek gibi inat\u00e7\u0131 b\u00f6lgeleri hedef alarak ya\u011f par\u00e7alanmas\u0131n\u0131 destekler. \u0130\u015ftah\u0131 azaltmaya, istekleri y\u00f6netmeye ve sa\u011fl\u0131kl\u0131 sindirimi desteklemeye yard\u0131mc\u0131 olurken a\u015f\u0131r\u0131 su a\u011f\u0131rl\u0131\u011f\u0131n\u0131n at\u0131lmas\u0131na yard\u0131mc\u0131 olur. Stres azaltma ve cilt s\u0131k\u0131la\u015ft\u0131rma gibi ek faydalar, bu \u00fcr\u00fcn\u00fcn etkinli\u011fini daha da art\u0131r\u0131r.<\/p>","protected":false},"featured_media":472,"template":"","meta":{"_acf_changed":true,"_kad_post_transparent":"","_kad_post_title":"","_kad_post_layout":"","_kad_post_sidebar_id":"","_kad_post_content_style":"","_kad_post_vertical_padding":"","_kad_post_feature":"","_kad_post_feature_position":"","_kad_post_header":false,"_kad_post_footer":false,"_kad_post_classname":"","_cloudinary_featured_overwrite":false},"product-category":[],"class_list":["post-270","product","type-product","status-publish","has-post-thumbnail","hentry"],"acf":[],"_links":{"self":[{"href":"https:\/\/nowinternational.com.tr\/tr\/wp-json\/wp\/v2\/product\/270","targetHints":{"allow":["GET"]}}],"collection":[{"href":"https:\/\/nowinternational.com.tr\/tr\/wp-json\/wp\/v2\/product"}],"about":[{"href":"https:\/\/nowinternational.com.tr\/tr\/wp-json\/wp\/v2\/types\/product"}],"wp:featuredmedia":[{"embeddable":true,"href":"https:\/\/nowinternational.com.tr\/tr\/wp-json\/wp\/v2\/media\/472"}],"wp:attachment":[{"href":"https:\/\/nowinternational.com.tr\/tr\/wp-json\/wp\/v2\/media?parent=270"}],"wp:term":[{"taxonomy":"product-category","embeddable":true,"href":"https:\/\/nowinternational.com.tr\/tr\/wp-json\/wp\/v2\/product-category?post=270"}],"curies":[{"name":"wp","href":"https:\/\/api.w.org\/{rel}","templated":true}]}}