{"id":272,"date":"2025-03-20T14:52:30","date_gmt":"2025-03-20T14:52:30","guid":{"rendered":"http:\/\/localhost\/nowinter\/?post_type=product&#038;p=272"},"modified":"2025-07-14T15:58:24","modified_gmt":"2025-07-14T15:58:24","slug":"sleep-now","status":"publish","type":"product","link":"https:\/\/nowinternational.com.tr\/tr\/product\/sleep-now\/","title":{"rendered":"Sleep Now"},"content":{"rendered":"<p>Sleep Now, daha iyi uykuyu te\u015fvik etmek ve v\u00fccudun biyolojik ritmini geri kazand\u0131rmak i\u00e7in do\u011fal i\u00e7eriklerle form\u00fcle edilmi\u015ftir. Uyku-uyan\u0131kl\u0131k d\u00f6ng\u00fcs\u00fcn\u00fc d\u00fczenlemeye yard\u0131mc\u0131 olarak daha derin, daha dinlendirici bir uykuyu te\u015fvik eder. Sleep Now ayr\u0131ca v\u00fccudunuzun stresi y\u00f6netmesini, ba\u015f a\u011fr\u0131lar\u0131n\u0131 hafifletmesini ve kayg\u0131 duygular\u0131n\u0131 azaltmas\u0131n\u0131 destekler. Esansiyel ya\u011flar\u0131n ve vitaminlerin rahatlat\u0131c\u0131 kar\u0131\u015f\u0131m\u0131yla bu bant hem fiziksel hem de zihinsel rahatlamay\u0131 te\u015fvik ederek, tazelenmi\u015f ve gen\u00e7le\u015fmi\u015f bir \u015fekilde uyanman\u0131z\u0131 sa\u011flar.<\/p>","protected":false},"featured_media":469,"template":"","meta":{"_acf_changed":true,"_kad_post_transparent":"","_kad_post_title":"","_kad_post_layout":"","_kad_post_sidebar_id":"","_kad_post_content_style":"","_kad_post_vertical_padding":"","_kad_post_feature":"","_kad_post_feature_position":"","_kad_post_header":false,"_kad_post_footer":false,"_kad_post_classname":"","_cloudinary_featured_overwrite":false},"product-category":[3],"class_list":["post-272","product","type-product","status-publish","has-post-thumbnail","hentry","product-category-transdermal-patches"],"acf":[],"_links":{"self":[{"href":"https:\/\/nowinternational.com.tr\/tr\/wp-json\/wp\/v2\/product\/272","targetHints":{"allow":["GET"]}}],"collection":[{"href":"https:\/\/nowinternational.com.tr\/tr\/wp-json\/wp\/v2\/product"}],"about":[{"href":"https:\/\/nowinternational.com.tr\/tr\/wp-json\/wp\/v2\/types\/product"}],"wp:featuredmedia":[{"embeddable":true,"href":"https:\/\/nowinternational.com.tr\/tr\/wp-json\/wp\/v2\/media\/469"}],"wp:attachment":[{"href":"https:\/\/nowinternational.com.tr\/tr\/wp-json\/wp\/v2\/media?parent=272"}],"wp:term":[{"taxonomy":"product-category","embeddable":true,"href":"https:\/\/nowinternational.com.tr\/tr\/wp-json\/wp\/v2\/product-category?post=272"}],"curies":[{"name":"wp","href":"https:\/\/api.w.org\/{rel}","templated":true}]}}