{"id":273,"date":"2025-03-20T14:55:07","date_gmt":"2025-03-20T14:55:07","guid":{"rendered":"http:\/\/localhost\/nowinter\/?post_type=product&#038;p=273"},"modified":"2025-07-14T15:58:33","modified_gmt":"2025-07-14T15:58:33","slug":"vit-now","status":"publish","type":"product","link":"https:\/\/nowinternational.com.tr\/tr\/product\/vit-now\/","title":{"rendered":"Vit Now"},"content":{"rendered":"<p>Vit Now, aktif bile\u015fenlerin do\u011frudan cilt yoluyla v\u00fccuda emilmesini sa\u011flamak i\u00e7in geli\u015fmi\u015f transdermal terapi teknolojisini kullan\u0131r. Bu s\u00fcre\u00e7, vitaminlerin ve minerallerin k\u0131lcal damarlar arac\u0131l\u0131\u011f\u0131yla seyahat etmesini ve en \u00e7ok ihtiya\u00e7 duyulan h\u00fccrelere ula\u015fmas\u0131n\u0131 sa\u011flar. Metabolizmay\u0131, zihinsel berrakl\u0131\u011f\u0131 ve genel v\u00fccut fonksiyonunu desteklemek i\u00e7in tasarlanan Vit Now, enerji seviyelerini art\u0131rmak, odaklanmay\u0131 geli\u015ftirmek ve sa\u011fl\u0131kl\u0131 bir dola\u015f\u0131m sistemini korumak isteyenler i\u00e7in m\u00fckemmel bir se\u00e7imdir. G\u00fc\u00e7l\u00fc besinlerin bir kar\u0131\u015f\u0131m\u0131yla, bu bant kronik hastal\u0131k riskini azaltmak ve bili\u015fsel i\u015flevi geli\u015ftirmek i\u00e7in \u00e7al\u0131\u015f\u0131r.<\/p>","protected":false},"featured_media":471,"template":"","meta":{"_acf_changed":true,"_kad_post_transparent":"","_kad_post_title":"","_kad_post_layout":"","_kad_post_sidebar_id":"","_kad_post_content_style":"","_kad_post_vertical_padding":"","_kad_post_feature":"","_kad_post_feature_position":"","_kad_post_header":false,"_kad_post_footer":false,"_kad_post_classname":"","_cloudinary_featured_overwrite":false},"product-category":[3],"class_list":["post-273","product","type-product","status-publish","has-post-thumbnail","hentry","product-category-transdermal-patches"],"acf":[],"_links":{"self":[{"href":"https:\/\/nowinternational.com.tr\/tr\/wp-json\/wp\/v2\/product\/273","targetHints":{"allow":["GET"]}}],"collection":[{"href":"https:\/\/nowinternational.com.tr\/tr\/wp-json\/wp\/v2\/product"}],"about":[{"href":"https:\/\/nowinternational.com.tr\/tr\/wp-json\/wp\/v2\/types\/product"}],"wp:featuredmedia":[{"embeddable":true,"href":"https:\/\/nowinternational.com.tr\/tr\/wp-json\/wp\/v2\/media\/471"}],"wp:attachment":[{"href":"https:\/\/nowinternational.com.tr\/tr\/wp-json\/wp\/v2\/media?parent=273"}],"wp:term":[{"taxonomy":"product-category","embeddable":true,"href":"https:\/\/nowinternational.com.tr\/tr\/wp-json\/wp\/v2\/product-category?post=273"}],"curies":[{"name":"wp","href":"https:\/\/api.w.org\/{rel}","templated":true}]}}