{"id":275,"date":"2025-03-20T14:58:16","date_gmt":"2025-03-20T14:58:16","guid":{"rendered":"http:\/\/localhost\/nowinter\/?post_type=product&#038;p=275"},"modified":"2025-07-14T15:58:45","modified_gmt":"2025-07-14T15:58:45","slug":"mig-ver","status":"publish","type":"product","link":"https:\/\/nowinternational.com.tr\/tr\/product\/mig-ver\/","title":{"rendered":"Mig Ver"},"content":{"rendered":"<p>Mig Ver, so\u011fuk terapi etkisiyle ba\u015f a\u011fr\u0131lar\u0131, migren ataklar\u0131 ve kas a\u011fr\u0131lar\u0131ndan h\u0131zl\u0131 ve etkili bir \u015fekilde kurtulmak i\u00e7in tasarlanm\u0131\u015ft\u0131r. Angelica Sinensis ve Camphor gibi do\u011fal bile\u015fenleri, iltihab\u0131 azaltmaya, a\u011fr\u0131y\u0131 yat\u0131\u015ft\u0131rmaya ve etkilenen b\u00f6lgeye serinletici bir etki sa\u011flamaya yard\u0131mc\u0131 olur. Ba\u015f d\u00f6nmesi, di\u015f a\u011fr\u0131s\u0131 ve adet kramplar\u0131 gibi rahats\u0131zl\u0131klar\u0131 gidermek i\u00e7in ideal olan Mig Ver, genel refah\u0131 destekleyen \u00e7ok y\u00f6nl\u00fc bir bantt\u0131r.<\/p>","protected":false},"featured_media":467,"template":"","meta":{"_acf_changed":true,"_kad_post_transparent":"","_kad_post_title":"","_kad_post_layout":"","_kad_post_sidebar_id":"","_kad_post_content_style":"","_kad_post_vertical_padding":"","_kad_post_feature":"","_kad_post_feature_position":"","_kad_post_header":false,"_kad_post_footer":false,"_kad_post_classname":"","_cloudinary_featured_overwrite":false},"product-category":[3],"class_list":["post-275","product","type-product","status-publish","has-post-thumbnail","hentry","product-category-transdermal-patches"],"acf":[],"_links":{"self":[{"href":"https:\/\/nowinternational.com.tr\/tr\/wp-json\/wp\/v2\/product\/275","targetHints":{"allow":["GET"]}}],"collection":[{"href":"https:\/\/nowinternational.com.tr\/tr\/wp-json\/wp\/v2\/product"}],"about":[{"href":"https:\/\/nowinternational.com.tr\/tr\/wp-json\/wp\/v2\/types\/product"}],"wp:featuredmedia":[{"embeddable":true,"href":"https:\/\/nowinternational.com.tr\/tr\/wp-json\/wp\/v2\/media\/467"}],"wp:attachment":[{"href":"https:\/\/nowinternational.com.tr\/tr\/wp-json\/wp\/v2\/media?parent=275"}],"wp:term":[{"taxonomy":"product-category","embeddable":true,"href":"https:\/\/nowinternational.com.tr\/tr\/wp-json\/wp\/v2\/product-category?post=275"}],"curies":[{"name":"wp","href":"https:\/\/api.w.org\/{rel}","templated":true}]}}