{"id":276,"date":"2025-03-20T15:03:00","date_gmt":"2025-03-20T15:03:00","guid":{"rendered":"http:\/\/localhost\/nowinter\/?post_type=product&#038;p=276"},"modified":"2025-07-14T15:58:57","modified_gmt":"2025-07-14T15:58:57","slug":"vit-d3-k2","status":"publish","type":"product","link":"https:\/\/nowinternational.com.tr\/tr\/product\/vit-d3-k2\/","title":{"rendered":"Vit D3 K2"},"content":{"rendered":"<p>Vit D3 K2, v\u00fccudu zararl\u0131 genlerden korumaya, kalp sa\u011fl\u0131\u011f\u0131n\u0131 desteklemeye ve kemikleri g\u00fc\u00e7lendirmeye yard\u0131mc\u0131 olmak i\u00e7in temel vitaminlerin ve g\u00fc\u00e7l\u00fc antioksidanlar\u0131n faydalar\u0131n\u0131 bir araya getirir. Bu bant, daha g\u00fc\u00e7l\u00fc kemikler ve daha dayan\u0131kl\u0131 bir kardiyovask\u00fcler sistem i\u00e7in daha iyi kalsiyum emilimini sa\u011flamak \u00fczere sinerjik olarak \u00e7al\u0131\u015fan Vitamin D3 ve Vitamin K2'nin benzersiz bir kombinasyonunu sa\u011flar. Eklenen vitaminler ve antioksidanlarla Vit D3 K2, genel refah\u0131 destekler ve zihinsel berrakl\u0131\u011f\u0131 ve enerjiyi art\u0131r\u0131r.<\/p>","protected":false},"featured_media":470,"template":"","meta":{"_acf_changed":true,"_kad_post_transparent":"","_kad_post_title":"","_kad_post_layout":"","_kad_post_sidebar_id":"","_kad_post_content_style":"","_kad_post_vertical_padding":"","_kad_post_feature":"","_kad_post_feature_position":"","_kad_post_header":false,"_kad_post_footer":false,"_kad_post_classname":"","_cloudinary_featured_overwrite":false},"product-category":[3],"class_list":["post-276","product","type-product","status-publish","has-post-thumbnail","hentry","product-category-transdermal-patches"],"acf":[],"_links":{"self":[{"href":"https:\/\/nowinternational.com.tr\/tr\/wp-json\/wp\/v2\/product\/276","targetHints":{"allow":["GET"]}}],"collection":[{"href":"https:\/\/nowinternational.com.tr\/tr\/wp-json\/wp\/v2\/product"}],"about":[{"href":"https:\/\/nowinternational.com.tr\/tr\/wp-json\/wp\/v2\/types\/product"}],"wp:featuredmedia":[{"embeddable":true,"href":"https:\/\/nowinternational.com.tr\/tr\/wp-json\/wp\/v2\/media\/470"}],"wp:attachment":[{"href":"https:\/\/nowinternational.com.tr\/tr\/wp-json\/wp\/v2\/media?parent=276"}],"wp:term":[{"taxonomy":"product-category","embeddable":true,"href":"https:\/\/nowinternational.com.tr\/tr\/wp-json\/wp\/v2\/product-category?post=276"}],"curies":[{"name":"wp","href":"https:\/\/api.w.org\/{rel}","templated":true}]}}