{"id":277,"date":"2025-03-20T15:07:05","date_gmt":"2025-03-20T15:07:05","guid":{"rendered":"http:\/\/localhost\/nowinter\/?post_type=product&#038;p=277"},"modified":"2025-07-14T15:57:29","modified_gmt":"2025-07-14T15:57:29","slug":"golden-collagen-mask","status":"publish","type":"product","link":"https:\/\/nowinternational.com.tr\/tr\/product\/golden-collagen-mask\/","title":{"rendered":"Golden Collagen Mask"},"content":{"rendered":"<p>Golden Collagen Mask yorgun ve ya\u015flanan cildi onarmak ve yenilemek i\u00e7in tasarlanm\u0131\u015ft\u0131r. Cildin bariyerini derinlemesine nemlendirmek ve g\u00fc\u00e7lendirmek i\u00e7in deniz yosunu polisakkaritleri, hyaluronik asit ve meyan k\u00f6k\u00fc flavonoidleri gibi g\u00fc\u00e7l\u00fc bile\u015fenlerin benzersiz bir kombinasyonunu i\u00e7erir. Bu l\u00fcks maske yaln\u0131zca yo\u011fun nem sa\u011flamakla kalmaz, ayn\u0131 zamanda cildi s\u0131k\u0131la\u015ft\u0131rmaya, ince \u00e7izgileri azaltmaya ve cildinize gen\u00e7 bir \u0131\u015f\u0131lt\u0131 kazand\u0131rmaya yard\u0131mc\u0131 olur. Maske ya\u015flanma belirtileriyle sava\u015fmak, daha p\u00fcr\u00fczs\u00fcz, daha s\u0131k\u0131 ve daha parlak bir cilt sa\u011flamak i\u00e7in \u00e7al\u0131\u015f\u0131r.<\/p>","protected":false},"featured_media":475,"template":"","meta":{"_acf_changed":true,"_kad_post_transparent":"","_kad_post_title":"","_kad_post_layout":"","_kad_post_sidebar_id":"","_kad_post_content_style":"","_kad_post_vertical_padding":"","_kad_post_feature":"","_kad_post_feature_position":"","_kad_post_header":false,"_kad_post_footer":false,"_kad_post_classname":"","_cloudinary_featured_overwrite":false},"product-category":[21],"class_list":["post-277","product","type-product","status-publish","has-post-thumbnail","hentry","product-category-beauty-and-care"],"acf":[],"_links":{"self":[{"href":"https:\/\/nowinternational.com.tr\/tr\/wp-json\/wp\/v2\/product\/277","targetHints":{"allow":["GET"]}}],"collection":[{"href":"https:\/\/nowinternational.com.tr\/tr\/wp-json\/wp\/v2\/product"}],"about":[{"href":"https:\/\/nowinternational.com.tr\/tr\/wp-json\/wp\/v2\/types\/product"}],"wp:featuredmedia":[{"embeddable":true,"href":"https:\/\/nowinternational.com.tr\/tr\/wp-json\/wp\/v2\/media\/475"}],"wp:attachment":[{"href":"https:\/\/nowinternational.com.tr\/tr\/wp-json\/wp\/v2\/media?parent=277"}],"wp:term":[{"taxonomy":"product-category","embeddable":true,"href":"https:\/\/nowinternational.com.tr\/tr\/wp-json\/wp\/v2\/product-category?post=277"}],"curies":[{"name":"wp","href":"https:\/\/api.w.org\/{rel}","templated":true}]}}