{"id":278,"date":"2025-03-20T15:17:19","date_gmt":"2025-03-20T15:17:19","guid":{"rendered":"http:\/\/localhost\/nowinter\/?post_type=product&#038;p=278"},"modified":"2026-04-29T09:55:09","modified_gmt":"2026-04-29T09:55:09","slug":"sun-time","status":"publish","type":"product","link":"https:\/\/nowinternational.com.tr\/tr\/product\/sun-time\/","title":{"rendered":"Sun Time"},"content":{"rendered":"<p>Sun Time G\u00fcne\u015f Kremi, cildinizi g\u00fcne\u015fin zararl\u0131 etkilerinden korumak ve g\u00fcne\u015f lekelerini \u00f6nlemek gibi ek faydalar sunmak i\u00e7in tasarlanm\u0131\u015ft\u0131r. G\u00fcne\u015f kremi, cildinizi UV \u0131\u015f\u0131nlar\u0131ndan koruyan ve berrak, parlak ve e\u015fit bir cilt tonunun korunmas\u0131na yard\u0131mc\u0131 olan g\u00fc\u00e7l\u00fc bir bariyer olu\u015fturur. Geli\u015fmi\u015f form\u00fcl\u00fc, uzun s\u00fcreli koruma sa\u011flayarak cildinizin g\u00fcn boyunca g\u00fcne\u015fte sa\u011fl\u0131kl\u0131 ve parlak kalmas\u0131n\u0131 sa\u011flar.<\/p>","protected":false},"featured_media":4584,"template":"","meta":{"_acf_changed":true,"_kad_post_transparent":"","_kad_post_title":"","_kad_post_layout":"","_kad_post_sidebar_id":"","_kad_post_content_style":"","_kad_post_vertical_padding":"","_kad_post_feature":"","_kad_post_feature_position":"","_kad_post_header":false,"_kad_post_footer":false,"_kad_post_classname":"","_cloudinary_featured_overwrite":false},"product-category":[21],"class_list":["post-278","product","type-product","status-publish","has-post-thumbnail","hentry","product-category-beauty-and-care"],"acf":[],"_links":{"self":[{"href":"https:\/\/nowinternational.com.tr\/tr\/wp-json\/wp\/v2\/product\/278","targetHints":{"allow":["GET"]}}],"collection":[{"href":"https:\/\/nowinternational.com.tr\/tr\/wp-json\/wp\/v2\/product"}],"about":[{"href":"https:\/\/nowinternational.com.tr\/tr\/wp-json\/wp\/v2\/types\/product"}],"wp:featuredmedia":[{"embeddable":true,"href":"https:\/\/nowinternational.com.tr\/tr\/wp-json\/wp\/v2\/media\/4584"}],"wp:attachment":[{"href":"https:\/\/nowinternational.com.tr\/tr\/wp-json\/wp\/v2\/media?parent=278"}],"wp:term":[{"taxonomy":"product-category","embeddable":true,"href":"https:\/\/nowinternational.com.tr\/tr\/wp-json\/wp\/v2\/product-category?post=278"}],"curies":[{"name":"wp","href":"https:\/\/api.w.org\/{rel}","templated":true}]}}