{"id":279,"date":"2025-03-20T15:20:06","date_gmt":"2025-03-20T15:20:06","guid":{"rendered":"http:\/\/localhost\/nowinter\/?post_type=product&#038;p=279"},"modified":"2025-07-14T15:55:58","modified_gmt":"2025-07-14T15:55:58","slug":"hair-shiny","status":"publish","type":"product","link":"https:\/\/nowinternational.com.tr\/tr\/product\/hair-shiny\/","title":{"rendered":"Hair Shiny"},"content":{"rendered":"<p>Hair Shiny Sa\u00e7 Serumu, sa\u00e7\u0131n\u0131z\u0131 k\u00f6kten uca beslemek ve g\u00fc\u00e7lendirmek i\u00e7in tasarlanm\u0131\u015ft\u0131r. Serum, sa\u00e7 d\u00f6k\u00fclmesini azaltmaya yard\u0131mc\u0131 olur, yeni bebek sa\u00e7lar\u0131n\u0131n b\u00fcy\u00fcmesini destekler ve sa\u00e7\u0131n\u0131z\u0131n genel g\u00f6r\u00fcn\u00fcm\u00fcn\u00fc iyile\u015ftirir. Sa\u00e7\u0131n\u0131za parlak, sa\u011fl\u0131kl\u0131 bir g\u00f6r\u00fcn\u00fcm kazand\u0131r\u0131rken derinlemesine onar\u0131r ve canland\u0131r\u0131r.<\/p>","protected":false},"featured_media":479,"template":"","meta":{"_acf_changed":true,"_kad_post_transparent":"","_kad_post_title":"","_kad_post_layout":"","_kad_post_sidebar_id":"","_kad_post_content_style":"","_kad_post_vertical_padding":"","_kad_post_feature":"","_kad_post_feature_position":"","_kad_post_header":false,"_kad_post_footer":false,"_kad_post_classname":"","_cloudinary_featured_overwrite":false},"product-category":[21],"class_list":["post-279","product","type-product","status-publish","has-post-thumbnail","hentry","product-category-beauty-and-care"],"acf":[],"_links":{"self":[{"href":"https:\/\/nowinternational.com.tr\/tr\/wp-json\/wp\/v2\/product\/279","targetHints":{"allow":["GET"]}}],"collection":[{"href":"https:\/\/nowinternational.com.tr\/tr\/wp-json\/wp\/v2\/product"}],"about":[{"href":"https:\/\/nowinternational.com.tr\/tr\/wp-json\/wp\/v2\/types\/product"}],"wp:featuredmedia":[{"embeddable":true,"href":"https:\/\/nowinternational.com.tr\/tr\/wp-json\/wp\/v2\/media\/479"}],"wp:attachment":[{"href":"https:\/\/nowinternational.com.tr\/tr\/wp-json\/wp\/v2\/media?parent=279"}],"wp:term":[{"taxonomy":"product-category","embeddable":true,"href":"https:\/\/nowinternational.com.tr\/tr\/wp-json\/wp\/v2\/product-category?post=279"}],"curies":[{"name":"wp","href":"https:\/\/api.w.org\/{rel}","templated":true}]}}