{"id":4603,"date":"2026-05-06T07:25:18","date_gmt":"2026-05-06T07:25:18","guid":{"rendered":"https:\/\/nowinternational.com.tr\/?post_type=product&#038;p=4603"},"modified":"2026-05-06T07:25:19","modified_gmt":"2026-05-06T07:25:19","slug":"now-premium-dolgunlastirici-bakim-sampuani","status":"publish","type":"product","link":"https:\/\/nowinternational.com.tr\/tr\/product\/now-premium-dolgunlastirici-bakim-sampuani\/","title":{"rendered":"NOW Premium Dolgunla\u015ft\u0131r\u0131c\u0131 Bak\u0131m \u015eampuan\u0131"},"content":{"rendered":"","protected":false},"featured_media":4604,"template":"","meta":{"_acf_changed":true,"_kad_post_transparent":"","_kad_post_title":"","_kad_post_layout":"","_kad_post_sidebar_id":"","_kad_post_content_style":"","_kad_post_vertical_padding":"","_kad_post_feature":"","_kad_post_feature_position":"","_kad_post_header":false,"_kad_post_footer":false,"_kad_post_classname":"","_cloudinary_featured_overwrite":false},"product-category":[],"class_list":["post-4603","product","type-product","status-publish","has-post-thumbnail","hentry"],"acf":[],"_links":{"self":[{"href":"https:\/\/nowinternational.com.tr\/tr\/wp-json\/wp\/v2\/product\/4603","targetHints":{"allow":["GET"]}}],"collection":[{"href":"https:\/\/nowinternational.com.tr\/tr\/wp-json\/wp\/v2\/product"}],"about":[{"href":"https:\/\/nowinternational.com.tr\/tr\/wp-json\/wp\/v2\/types\/product"}],"wp:featuredmedia":[{"embeddable":true,"href":"https:\/\/nowinternational.com.tr\/tr\/wp-json\/wp\/v2\/media\/4604"}],"wp:attachment":[{"href":"https:\/\/nowinternational.com.tr\/tr\/wp-json\/wp\/v2\/media?parent=4603"}],"wp:term":[{"taxonomy":"product-category","embeddable":true,"href":"https:\/\/nowinternational.com.tr\/tr\/wp-json\/wp\/v2\/product-category?post=4603"}],"curies":[{"name":"wp","href":"https:\/\/api.w.org\/{rel}","templated":true}]}}